{"id":172,"date":"2025-08-18T04:34:09","date_gmt":"2025-08-18T04:34:09","guid":{"rendered":"https:\/\/alkotasokangitol.hu\/?page_id=172"},"modified":"2025-08-18T04:34:24","modified_gmt":"2025-08-18T04:34:24","slug":"172-2","status":"publish","type":"page","link":"https:\/\/alkotasokangitol.hu\/index.php\/172-2\/","title":{"rendered":"Bemutatkoz\u00e1s"},"content":{"rendered":"\n<div class=\"wp-block-columns is-layout-flex wp-container-core-columns-is-layout-9d6595d7 wp-block-columns-is-layout-flex\">\n<div class=\"wp-block-column is-layout-flow wp-block-column-is-layout-flow\">\n<h2 class=\"wp-block-heading\"><strong>\u00c9kszerbe z\u00e1rt \u00e9rz\u00e9sek, egyedi elk\u00e9pzel\u00e9sek<\/strong><\/h2>\n<\/div>\n<\/div>\n\n\n\n<div class=\"wp-block-columns is-layout-flex wp-container-core-columns-is-layout-9d6595d7 wp-block-columns-is-layout-flex\">\n<div class=\"wp-block-column is-layout-flow wp-block-column-is-layout-flow\"><\/div>\n\n\n\n<div class=\"wp-block-column is-layout-flow wp-block-column-is-layout-flow\"><\/div>\n<\/div>\n\n\n\n<div class=\"wp-block-columns is-layout-flex wp-container-core-columns-is-layout-9d6595d7 wp-block-columns-is-layout-flex\">\n<div class=\"wp-block-column is-layout-flow wp-block-column-is-layout-flow\">\n<figure class=\"wp-block-image size-large\"><img loading=\"lazy\" decoding=\"async\" width=\"768\" height=\"1024\" src=\"https:\/\/alkotasokangitol.hu\/wp-content\/uploads\/2025\/08\/20231020_160117-768x1024.webp\" alt=\"\" class=\"wp-image-173\" srcset=\"https:\/\/alkotasokangitol.hu\/wp-content\/uploads\/2025\/08\/20231020_160117-768x1024.webp 768w, https:\/\/alkotasokangitol.hu\/wp-content\/uploads\/2025\/08\/20231020_160117-600x800.webp 600w, https:\/\/alkotasokangitol.hu\/wp-content\/uploads\/2025\/08\/20231020_160117-225x300.webp 225w, https:\/\/alkotasokangitol.hu\/wp-content\/uploads\/2025\/08\/20231020_160117-1152x1536.webp 1152w, https:\/\/alkotasokangitol.hu\/wp-content\/uploads\/2025\/08\/20231020_160117.webp 1440w\" sizes=\"auto, (max-width: 768px) 100vw, 768px\" \/><\/figure>\n<\/div>\n\n\n\n<div class=\"wp-block-column is-layout-flow wp-block-column-is-layout-flow\">\n<p>Sz\u00e1momra fontos, hogy az eml\u00e9kek k\u00e9zzelfoghat\u00f3ak legyenek. \u00c9n szeretem a gyermekeim minden apr\u00f3s\u00e1g\u00e1t \u0151r\u00edzgetni, de olykor van bennem egy kis \u00fcress\u00e9g, ha csak a fi\u00f3k m\u00e9ly\u00e9re helyezem, hogy ne vesszen el&#8230; azt\u00e1n vannak azok az \u00e9rz\u00e9sek, amik nem k\u00e9zzelfoghat\u00f3 eml\u00e9kek&#8230;vagy m\u00e9gis?<\/p>\n<\/div>\n<\/div>\n\n\n\n<p>Maz\u00e1cs Ang\u00e9la&nbsp;vagyok, 2017. tavasz\u00e1n kezdtem el foglalkozni annak gondolat\u00e1val, hogy anyatejes \u00e9kszereket k\u00e9sz\u00edtsek. Vegy\u00e9szeti szakk\u00f6z\u00e9piskolai tanulm\u00e1nyaimat kamatoztathattam \u00e9s 2018-ban m\u00e1r kidolgozott recept\u00far\u00e1mmal kezdtem alkotni, amellyel az anyatejes t\u00e1pl\u00e1l\u00e1st szimboliz\u00e1l\u00f3 \u00e9kszerek pontosan azt fogj\u00e1k ny\u00fajtani, amit kerest\u00e9l; az \u00e9rz\u00e9seket \u00e9kszerbe z\u00e1rom, hogy megfoghat\u00f3ak legyenek. Az \u00e9vek alatt nagy kedvencemm\u00e9 v\u00e1lt a hajjal val\u00f3 &#8216;rajzol\u00e1s&#8217;, igaz\u00e1n kifejez\u0151 darabok sz\u00fcletnek ezzel a megold\u00e1ssal.<\/p>\n\n\n\n<p>A hozz\u00e1m be\u00e9rkez\u0151 alapanyagokat nagy becsben tartom, gondosan kezelem, hiszen tapasztalom saj\u00e1t b\u0151r\u00f6m\u00f6n is, hogy egy els\u0151 lev\u00e1gott tincs vagy egy utols\u00f3 csepp tej mekkora eszmei \u00e9rt\u00e9kkel b\u00edr egy sz\u00fcl\u0151 sz\u00e1m\u00e1ra!<\/p>\n\n\n\n<p>T\u00f6rekszem v\u00e1ltozatos maradni, hogy sokak megtal\u00e1lj\u00e1k a sz\u00e1mukra legkedvesebb darabokat.<\/p>\n","protected":false},"excerpt":{"rendered":"<p>\u00c9kszerbe z\u00e1rt \u00e9rz\u00e9sek, egyedi elk\u00e9pzel\u00e9sek Sz\u00e1momra fontos, hogy az eml\u00e9kek k\u00e9zzelfoghat\u00f3ak legyenek. \u00c9n szeretem a gyermekeim minden apr\u00f3s\u00e1g\u00e1t \u0151r\u00edzgetni, de olykor van bennem egy kis \u00fcress\u00e9g, ha csak a fi\u00f3k m\u00e9ly\u00e9re helyezem, hogy ne vesszen el&#8230; azt\u00e1n vannak azok az \u00e9rz\u00e9sek, amik nem k\u00e9zzelfoghat\u00f3 eml\u00e9kek&#8230;vagy m\u00e9gis? Maz\u00e1cs Ang\u00e9la&nbsp;vagyok, 2017. tavasz\u00e1n kezdtem el foglalkozni annak gondolat\u00e1val, [&hellip;]<\/p>\n","protected":false},"author":1,"featured_media":0,"parent":0,"menu_order":0,"comment_status":"closed","ping_status":"closed","template":"","meta":{"_et_pb_use_builder":"","_et_pb_old_content":"","_et_gb_content_width":"","footnotes":""},"class_list":["post-172","page","type-page","status-publish","hentry"],"_links":{"self":[{"href":"https:\/\/alkotasokangitol.hu\/index.php\/wp-json\/wp\/v2\/pages\/172","targetHints":{"allow":["GET"]}}],"collection":[{"href":"https:\/\/alkotasokangitol.hu\/index.php\/wp-json\/wp\/v2\/pages"}],"about":[{"href":"https:\/\/alkotasokangitol.hu\/index.php\/wp-json\/wp\/v2\/types\/page"}],"author":[{"embeddable":true,"href":"https:\/\/alkotasokangitol.hu\/index.php\/wp-json\/wp\/v2\/users\/1"}],"replies":[{"embeddable":true,"href":"https:\/\/alkotasokangitol.hu\/index.php\/wp-json\/wp\/v2\/comments?post=172"}],"version-history":[{"count":4,"href":"https:\/\/alkotasokangitol.hu\/index.php\/wp-json\/wp\/v2\/pages\/172\/revisions"}],"predecessor-version":[{"id":177,"href":"https:\/\/alkotasokangitol.hu\/index.php\/wp-json\/wp\/v2\/pages\/172\/revisions\/177"}],"wp:attachment":[{"href":"https:\/\/alkotasokangitol.hu\/index.php\/wp-json\/wp\/v2\/media?parent=172"}],"curies":[{"name":"wp","href":"https:\/\/api.w.org\/{rel}","templated":true}]}}