{"id":3,"date":"2025-02-13T12:43:32","date_gmt":"2025-02-13T12:43:32","guid":{"rendered":"https:\/\/alkotasokangitol.hu\/?page_id=3"},"modified":"2025-08-18T04:29:06","modified_gmt":"2025-08-18T04:29:06","slug":"privacy-policy","status":"publish","type":"page","link":"https:\/\/alkotasokangitol.hu\/index.php\/privacy-policy\/","title":{"rendered":"\u00c1SZF"},"content":{"rendered":"\n<h1 class=\"wp-block-heading\"><strong>\u00c1ltal\u00e1nos szerz\u0151d\u00e9si felt\u00e9telek<\/strong><\/h1>\n\n\n\n<p>K\u00e9rlek, amennyiben akt\u00edv felhaszn\u00e1l\u00f3ja, illetve v\u00e1s\u00e1rl\u00f3ja szeretn\u00e9l lenni az Alkot\u00e1sok Angit\u00f3l weboldalnak, figyelmesen olvasd el az \u00c1ltal\u00e1nos Szerz\u0151d\u00e9si Felt\u00e9teleket \u00e9s kiz\u00e1r\u00f3lag abban az esetben vedd ig\u00e9nybe szolg\u00e1ltat\u00e1saimat, ha annak minden pontj\u00e1val egyet\u00e9rtesz, \u00e9s az abban le\u00edrtakat elfogadod. Amennyiben k\u00e9rd\u00e9sed mer\u00fclne fel, el\u00e9rhet\u0151s\u00e9geimen v\u00e1laszt adok.<\/p>\n\n\n\n<p><strong>A szerz\u0151d\u00e9s l\u00e9trej\u00f6tte<\/strong><\/p>\n\n\n\n<p>A v\u00e1s\u00e1rl\u00f3 tudom\u00e1sul veszi, hogy az Alkot\u00e1sok Angit\u00f3l weboldalon, illetve e-mailben egy\u00e9b internetes platformon (pl. Facebook, Instagram) \u00edr\u00e1sban v\u00e9grehajtott megrendel\u00e9st k\u00f6vet\u0151en k\u00f6z\u00f6tte \u00e9s az Elad\u00f3 k\u00f6z\u00f6tt ad\u00e1s-v\u00e9teli, ill. sz\u00e1ll\u00edt\u00e1si szerz\u0151d\u00e9s j\u00f6n l\u00e9tre.<\/p>\n\n\n\n<p><strong>Impresszum<\/strong><br><\/p>\n\n\n\n<p><strong>Szolg\u00e1ltat\u00f3 adatai<\/strong><\/p>\n\n\n\n<p>N\u00e9v: Maz\u00e1cs Ang\u00e9la &#8211; egy\u00e9ni v\u00e1llalkoz\u00f3 (Alkot\u00e1sok Angit\u00f3l)<br>Sz\u00e9khely: 2252 T\u00f3alm\u00e1s, Erd\u0151 utca 10.<br>Ad\u00f3sz\u00e1m: 69788655-1-33<br>Nytsz.: 53687146<br>Banksz\u00e1mlasz\u00e1m: Maz\u00e1cs Ang\u00e9la, K&amp;H, 10400494-50526851-68561002<br>E-mail: alkotasok.angitol@gmail.com<\/p>\n\n\n\n<p><strong>B\u00e9k\u00e9ltet\u0151 test\u00fclet<\/strong><\/p>\n\n\n\n<p>Pest Megyei B\u00e9k\u00e9ltet\u0151 Test\u00fclet<br>C\u00edm: 1119 Budapest, Etele \u00fat 59-61. II. emelet 240.<br>Levelez\u00e9si c\u00edm: 1364 Budapest, Pf.: 81<br>E-mail c\u00edm: pmbekelteto@pmkik.hu<br>Telefon: 06-1-269-0703<br>Fax: 06-1-269-0703<br><a href=\"https:\/\/www.panaszrendezes.hu\/homepage\/index.phphttps:\/\/www.pestmegyeibekelteto.hu\" rel=\"noreferrer noopener\" target=\"_blank\">https:\/\/www.panaszrendezes.hu\/homepage\/index.phphttps:\/\/www.pestmegyeibekelteto.hu<\/a><\/p>\n\n\n\n<p><strong>A szerz\u0151d\u00e9s hat\u00e1lya<\/strong><\/p>\n\n\n\n<p>Jelen dokumentum hat\u00e1lya kiterjed minden, az Alkot\u00e1sok Angit\u00f3l \u00e1ltal t\u00f6rt\u00e9n\u0151 \u00e9rt\u00e9kes\u00edt\u00e9ssel kapcsolatos dokumentumokra (rendel\u00e9sek visszaigazol\u00e1sa, sz\u00e1ml\u00e1k, stb.) B\u00e1rmilyen elt\u00e9r\u00e9sr\u0151l val\u00f3 meg\u00e1llapod\u00e1s kiz\u00e1r\u00f3lag \u00edr\u00e1sban elfogadott.<\/p>\n\n\n\n<p><strong>A rendel\u00e9s menete<\/strong><\/p>\n\n\n\n<p>Rendel\u00e9st kiz\u00e1r\u00f3lag \u00edr\u00e1sban fogadok az alkotasok.angitol@gmail.com e-mail c\u00edmre, illetve Facebook, Instagram oldalamnak \u00edrt \u00fczenetben (teh\u00e1t \u00edr\u00e1sban). Egy rendel\u00e9s akkor tekinthet\u0151 \u00e9rv\u00e9nyesnek, amennyiben a term\u00e9k elk\u00e9sz\u00edt\u00e9s\u00e9hez az \u00f6sszes felt\u00e9tel teljes\u00fcl, azaz a sz\u00fcks\u00e9ges anyagok &#8211; babahaj, anyatej, stb- BE\u00c9RKEZTEK, rendelkez\u00e9semre \u00e1llnak \u00e9s az elk\u00e9sz\u00edt\u00e9sre v\u00e1r\u00f3 rendel\u00e9s mint\u00e1j\u00e1t tiszt\u00e1ztuk, valamint az el\u0151leg megfizet\u00e9se teljes\u00fcl (l\u00e1sd: Fizet\u00e9s bekezd\u00e9sben). Leadott rendel\u00e9s m\u00f3dos\u00edt\u00e1s\u00e1ra kiz\u00e1r\u00f3lag \u00edr\u00e1sban &#8211; az alkotasok.angitol@gmail.com e-mail c\u00edmre vagy az Alkot\u00e1sok Angit\u00f3l Facebook vagy Instagram oldalnak \u00edrt \u00fczenetben &#8211; van lehet\u0151s\u00e9g a megrendel\u0151 k\u00e9r\u00e9s\u00e9re.<\/p>\n\n\n\n<p><strong>Fizet\u00e9s<\/strong><\/p>\n\n\n\n<p>A rendel\u00e9sek alkalm\u00e1val a rendelt term\u00e9k(ek) \u00e9rt\u00e9k\u00e9nek minimum 50%-\u00e1t el\u0151legben k\u00e9rem a megrendel\u0151t\u0151l. Az el\u0151legr\u0151l el\u0151leg sz\u00e1ml\u00e1t \u00e1ll\u00edtok ki.<\/p>\n\n\n\n<p>A rendel\u00e9s \u00e9rt\u00e9k\u00e9t kiz\u00e1r\u00f3lag a fent megnevezett banksz\u00e1ml\u00e1ra t\u00f6rt\u00e9n\u0151 \u00e1tutal\u00e1ssal \u00e1ll m\u00f3domban fogadni.&nbsp; A v\u00e9g\u00f6sszegr\u0151l v\u00e9gsz\u00e1ml\u00e1t k\u00fcld\u00f6k a megadott email c\u00edmre (amennyiben az e-sz\u00e1mla ki\u00e1ll\u00edt\u00e1s sikertelen, \u00fagy a v\u00e9gsz\u00e1ml\u00e1t a term\u00e9kkel post\u00e1zom). A fizet\u00e9si felt\u00e9telek v\u00e1ltoz\u00e1s\u00e1t alapvet\u0151en befoly\u00e1solja a Megrendel\u0151 megel\u0151z\u0151 fizet\u00e9si fegyelme, amely v\u00e1s\u00e1rl\u00e1sonk\u00e9nt fel\u00fclvizsg\u00e1latra ker\u00fclhet. Fenntartom a jogot, hogy egyes megrendel\u00e9sek teljes\u00edt\u00e9s\u00e9t egyedi elb\u00edr\u00e1l\u00e1s alapj\u00e1n a meg\u00e1llapodott \u00e1r teljesen vagy r\u00e9szben t\u00f6rt\u00e9n\u0151 el\u0151re kiegyenl\u00edt\u00e9s\u00e9hez k\u00f6ssem. Egy sz\u00e1mla akkor tekinthet\u0151 kiegyenl\u00edtettnek, ha annak teljes ellen\u00e9rt\u00e9ke a fent eml\u00edtett K&amp;H Bankn\u00e1l vezetett foly\u00f3sz\u00e1ml\u00e1mra igazolhat\u00f3 m\u00f3don be\u00e9rkezett.<\/p>\n\n\n\n<p>A term\u00e9kek kiz\u00e1r\u00f3lag a fent eml\u00edtett e-mailen kereszt\u00fcl (esetleg fent megnevezett oldalakon kereszt\u00fcl), postai\/fut\u00e1r k\u00e9zbes\u00edt\u00e9ssel v\u00e1s\u00e1rolhat\u00f3ak meg. A term\u00e9kek felt\u00fcntetett \u00e1rai brutt\u00f3 \u00f6sszegek. \u00c1fa-t nem tartalmaznak (KISAD\u00d3Z\u00d3).&nbsp;<\/p>\n\n\n\n<p><strong>V\u00e1llal\u00e1si id\u0151<\/strong><\/p>\n\n\n\n<p><strong>M\u0171gyanta \u00e9kszerek: Minimum 4 h\u00f3nap, de \u00e9kszert\u00edpusonk\u00e9nt \u00e9s a rendel\u00e9s darabsz\u00e1m\u00e1t\u00f3l f\u00fcgg\u0151en ez v\u00e1ltozhat (alap \u00e9kszerek eset\u00e9ben ez ak\u00e1r k\u00e9t h\u00f3nappal r\u00f6videbb k\u00e9sz\u00edt\u00e9st is jelenthet, teh\u00e1t pozit\u00edv ir\u00e1nyba is mozdulhat).<\/strong><\/p>\n\n\n\n<p>Bet\u0171 be\u00fct\u0151s \u00e9kszerek eset\u00e9ben a rendel\u00e9s \u00e9rt\u00e9k\u00e9nek be\u00e9rkez\u00e9s\u00e9t\u0151l 1-6 h\u00e9t. Kiemelt id\u0151szakokban az elk\u00e9sz\u00edt\u00e9si id\u0151 4-12 h\u00e9ttel hosszabbodhat. S\u00fcthet\u0151 gyurma term\u00e9kek eset\u00e9ben 4-8 h\u00e9t v\u00e1llal\u00e1si id\u0151vel kell sz\u00e1molnia a Megrendel\u0151nek.<\/p>\n\n\n\n<p>Soron k\u00edv\u00fcli, exraszolg\u00e1ltat\u00e1sk\u00e9nt ig\u00e9nyelhet\u0151, hogy a rendel\u00e9ssel 4 h\u00e9t alatt v\u00e9gezzek. Ennek fel\u00e1ra a rendel\u00e9s \u00f6sszeg\u00e9nek +50%-a (azaz 150% a fizetend\u0151).&nbsp;&nbsp;<\/p>\n\n\n\n<p><strong>El\u00e1ll\u00e1s, lemond\u00e1s<\/strong><\/p>\n\n\n\n<p>A rendel\u00e9st\u0151l val\u00f3 el\u00e1ll\u00e1s, lemond\u00e1s alkalm\u00e1val, abban az esetben, ha \u00e1ltalam ker\u00fcl meghi\u00fasul\u00e1sra a rendel\u00e9s, \u00fagy az el\u0151leg vissza j\u00e1r a rendel\u0151nek. Egy\u00e9b esetekben az el\u0151leget nem \u00e1ll m\u00f3domban vissza t\u00e9r\u00edteni. Amennyiben a munkaf\u00e1zis megkezd\u0151d\u00f6tt az alapanyagokkal, kezel\u00e9s\u00fck, tart\u00f3s\u00edt\u00e1suk folyamat\u00e1t megind\u00edtottam, az el\u0151leget nem \u00e1ll m\u00f3domban visszat\u00e9r\u00edteni.&nbsp;<br>Amennyiben az el\u0151leg megfizet\u00e9se ut\u00e1n a rendel\u0151 30 napon bel\u00fcl nem jelentkezik, a rendel\u00e9s teljes\u00edt\u00e9s\u00e9hez nem szolg\u00e1ltat sz\u00e1momra alapanyakokat, \u00fagy az el\u0151leget nem \u00e1ll m\u00f3domban visszat\u00e9r\u00edteni, a felek k\u00f6zti szerz\u0151d\u00e9s semmis lesz.<\/p>\n\n\n\n<p><strong>Sz\u00e1ll\u00edt\u00e1si hat\u00e1rid\u0151, felt\u00e9telek<\/strong><\/p>\n\n\n\n<p><strong>A sz\u00e1ll\u00edt\u00e1s a rendel\u00e9s elk\u00e9sz\u00fcl\u00e9s\u00e9t k\u00f6vet\u0151en 2 h\u00e9ten bel\u00fcl t\u00f6rt\u00e9nik.<\/strong><\/p>\n\n\n\n<p>A sz\u00e1ll\u00edt\u00e1si d\u00edj a vev\u0151t terheli.&nbsp;<\/p>\n\n\n\n<p><strong>A term\u00e9k specifikus jellemz\u0151i, reklam\u00e1ci\u00f3<\/strong><\/p>\n\n\n\n<p>Szeretn\u00e9m felh\u00edvni a figyelmet, hogy a term\u00e9kek egyedi, k\u00e9zzel k\u00e9sz\u00edtett k\u00e9zm\u0171ves term\u00e9kek. Ezek alapj\u00e1n, amennyiben egyfajta term\u00e9kb\u0151l t\u00f6bb is k\u00e9sz\u00fcl, nem garant\u00e1lhat\u00f3, hogy azok teljes m\u00e9rt\u00e9kben azonosak egym\u00e1ssal, elt\u00e9r\u00e9sek lehets\u00e9gesek. Kiz\u00e1r\u00f3lag az \u00e1ltalam m\u0171v\u00e9szi tev\u00e9kenys\u00e9gre min\u0151s\u00e9ginek \u00edt\u00e9lt \u00e9s I. oszt\u00e1ly\u00fa alapanyagokat haszn\u00e1lom mind gyurma, mind m\u0171gyanta eset\u00e9ben (Non Toxic, VOC mentes m\u0171gyanta).<\/p>\n\n\n\n<p>Nem min\u0151s\u00fcl hib\u00e1nak:<\/p>\n\n\n\n<ul class=\"wp-block-list\">\n<li>\u00a0Az \u00e9kszer belsej\u00e9ben el\u0151fordul\u00f3 1-1,5 mm nagys\u00e1g\u00fa apr\u00f3 (\u00e9s mikro) bubor\u00e9kok, amelyek a kever\u00e9s \u00e9s \u00f6nt\u00e9s sor\u00e1n keletkeztek, de az \u00e9kszer min\u0151s\u00e9g\u00e9t nem befoly\u00e1solj\u00e1k.<\/li>\n\n\n\n<li>hajas, anyatejes \u00e9kszerek eset\u00e9n a gyant\u00e1ba jut\u00f3 apr\u00f3bb szennyez\u0151d\u00e9sek, melyek a mint\u00e1ba ker\u00fcltek a csomagol\u00e1sb\u00f3l eredend\u0151en.<\/li>\n\n\n\n<li>hajas \u00e9kszerek eset\u00e9n, mintabeli minim\u00e1lis elt\u00e9r\u00e9s. (nem mindig alkalmas a haj az adott minta pontos elk\u00e9sz\u00edt\u00e9s\u00e9re)<\/li>\n\n\n\n<li>\u00a0minim\u00e1lis sz\u00edn\u00e1rnyalat elt\u00e9r\u00e9s (a sz\u00edn kiv\u00e1laszt\u00e1sa nem szem\u00e9lyesen, \u00e9l\u0151ben t\u00f6rt\u00e9nik, \u00edgy a monitor nem 100%-osan t\u00fckr\u00f6zi azt)<\/li>\n\n\n\n<li>1-2 \u00e1rnyalat s\u00e1rgul\u00e1s (b\u00e1rmennyire UV stabil gyanta t\u00edpusokat haszn\u00e1lok, sajnos az \u00e9vek sor\u00e1n a gyanta s\u00e1rgul; NEM EGYENL\u0150 A BARNUL\u00c1SSAL, PEN\u00c9SZED\u00c9SSEL)<\/li>\n<\/ul>\n\n\n\n<p>Min\u0151s\u00e9g-ellen\u0151rz\u00e9s a k\u00e9szterm\u00e9k eset\u00e9ben minden alkalommal t\u00f6rt\u00e9nik.<\/p>\n\n\n\n<p>Gy\u00e1rt\u00e1si hib\u00e1nak min\u0151s\u00fcl:<\/p>\n\n\n\n<p>M\u0171gyanta \u00e9kszerek eset\u00e9ben:<\/p>\n\n\n\n<ul class=\"wp-block-list\">\n<li>ragacsos, karcos, sorj\u00e1s fel\u00fclet<\/li>\n\n\n\n<li>1,5 mm-n\u00e9l nagyobb bubor\u00e9k<\/li>\n\n\n\n<li>hib\u00e1s \u00e9kszeralkatr\u00e9sz (fontos megjegyeznem, hogy az alapokat rendelem, ezeket nem \u00e9n gy\u00e1rtom le)<\/li>\n\n\n\n<li>t\u00f6r\u00f6tt \u00e9kszer<\/li>\n\n\n\n<li>lyukacsos \u00e9kszer fel\u00fclet<\/li>\n\n\n\n<li>jelent\u0151s sz\u00ednb\u00e9li elt\u00e9r\u00e9s<\/li>\n\n\n\n<li>hib\u00e1s tartalm\u00fa felirat (el\u00edr\u00e1s)<\/li>\n\n\n\n<li>t\u00falzottan puha, gumiszer\u0171 \u00e9kszer<\/li>\n\n\n\n<li>kir\u00edv\u00f3an nagy minta elt\u00e9r\u00e9s, esetleg hi\u00e1nyz\u00f3 minta<\/li>\n\n\n\n<li>s\u00e9r\u00fclt, t\u00f6r\u00f6tt alkatr\u00e9szek, kieg\u00e9sz\u00edt\u0151k k\u00e9zhezv\u00e9tel el\u0151tt<\/li>\n\n\n\n<li>\u00e9kszeralapr\u00f3l val\u00f3 lev\u00e1l\u00e1s<\/li>\n\n\n\n<li>k\u00e9sz\u00edt\u00e9sb\u0151l ad\u00f3d\u00f3 szennyez\u0151d\u00e9s<\/li>\n\n\n\n<li>barnul\u00e1s, feketed\u00e9s, pen\u00e9szed\u00e9s<\/li>\n<\/ul>\n\n\n\n<p>Gyurma term\u00e9kek eset\u00e9ben:<\/p>\n\n\n\n<ul class=\"wp-block-list\">\n<li>el\u0151zetes egyeztet\u00e9st k\u00f6vet\u0151en, kir\u00edv\u00f3an nagym\u00e9rt\u00e9k\u0171 sz\u00ednb\u00e9li elt\u00e9r\u00e9s (b\u00f6gr\u00e9ben \u00e9s a mint\u00e1ban egyar\u00e1nt)<\/li>\n\n\n\n<li>hib\u00e1s, s\u00e9r\u00fclt alap (ev\u0151eszk\u00f6z, b\u00f6gre, stb.)<\/li>\n\n\n\n<li>t\u00f6r\u00f6tt term\u00e9k<\/li>\n\n\n\n<li>kir\u00edv\u00f3an nagy elt\u00e9r\u00e9s mint\u00e1ban<\/li>\n\n\n\n<li>hib\u00e1s felirat<\/li>\n<\/ul>\n\n\n\n<p>Bet\u0171be\u00fct\u0151s \u00e9kszerek eset\u00e9ben:<\/p>\n\n\n\n<ul class=\"wp-block-list\">\n<li>El\u00fct\u00f6tt karakter<\/li>\n\n\n\n<li>A karakter 50%-ban hi\u00e1nyzik<\/li>\n<\/ul>\n\n\n\n<p>Hib\u00e1s term\u00e9k hib\u00e1j\u00e1t, a term\u00e9kkel kapcsolatos kifog\u00e1sokat k\u00e9zhezv\u00e9telt\u0151l sz\u00e1m\u00edtott, maximum 72 \u00f3r\u00e1n bel\u00fcl jelezni kell \u00edr\u00e1sban (lehet\u0151leg fot\u00f3kkal dokument\u00e1lva).&nbsp;<strong>Amennyiben ez nem t\u00f6rt\u00e9nik meg, az \u00e1tvett term\u00e9k garanci\u00e1j\u00e1t veszti, a jav\u00edt\u00e1s a megrendel\u0151 saj\u00e1t k\u00f6lts\u00e9g\u00e9n t\u00f6rt\u00e9nhet. 72 \u00f3ra eltelt\u00e9vel reklam\u00e1ci\u00f3t nem fogadok el a term\u00e9kkel<\/strong>&nbsp;<strong>kapcsolatosan.<\/strong>&nbsp;<strong>Amennyiben reklam\u00e1ci\u00f3val, vagy az \u00e9kszerrel kapcsolatos panasszal els\u0151dlegesen harmadik f\u00e9l fel\u00e9 fordul a vev\u0151- teh\u00e1t nem fel\u00e9m -, \u00fagy a garanci\u00e1t elveszti (egy\u00fattal hitelront\u00e1s t\u00f6rt\u00e9nik).<\/strong>&nbsp;A m\u0171gyanta\u00e9kszerek eset\u00e9ben 2 \u00e9ves j\u00f3t\u00e1ll\u00e1s \u00e9l, felt\u00e9ve, ha az rendeltet\u00e9sszer\u0171 haszn\u00e1lat mellett, igazolhat\u00f3 m\u00f3don a k\u00e9sz\u00edt\u00e9s hib\u00e1j\u00e1b\u00f3l t\u00f6rt\u00e9nt mulaszt\u00e1s. Ut\u00f3lag jav\u00edtott \u00e9kszerre csak abban az esetben \u00e9l a garancia tov\u00e1bb, ha a jav\u00edt\u00e1st magam v\u00e9gzem. Anyatejes \u00e9kszerek eset\u00e9ben megmaradt mint\u00e1kat 2 \u00e9vig, a j\u00f3t\u00e1ll\u00e1s v\u00e9g\u00e9ig \u0151rz\u00f6m, arra az esetre, ha az \u00e9kszer jav\u00edt\u00e1sra, vagy cser\u00e9re szorulna. Amennyiben a kifog\u00e1solt \u00e9kszer jav\u00edt\u00e1sa vagy cser\u00e9je nem megoldhat\u00f3, a term\u00e9k teljes v\u00e9tel\u00e1r\u00e1t visszat\u00e9r\u00edtem. Az \u00e1ltalam kezelt anyatejeket a j\u00f3t\u00e1ll\u00e1s v\u00e9gett 2 \u00e9vig meg\u0151rz\u00f6m, kiz\u00e1r\u00f3lag \u00e9n kezelem. A kezelt alapanyagokat tov\u00e1bb nem adom, azokat kiadni nem \u00e1ll m\u00f3domban. 2 \u00e9v letelt\u00e9vel a mint\u00e1t megsemmis\u00edtem. Tov\u00e1bbi meg\u0151rz\u00e9s\u00e9t fel\u00e1rral tudom v\u00e1llalni. ennek \u00e9ves d\u00edja 15 000 Ft (\u00e9venk\u00e9nt \u00fajra hosszabb\u00edthat\u00f3).<\/p>\n\n\n\n<p>Jelen \u00c1SZF \u00e1ltal nem szab\u00e1lyozott k\u00e9rd\u00e9sekben, az al\u00e1bbi jogszab\u00e1lyok az ir\u00e1nyad\u00f3ak:<\/p>\n\n\n\n<p>Ptk. a t\u00e1vollev\u0151k k\u00f6z\u00f6tt k\u00f6t\u00f6tt szerz\u0151d\u00e9sekr\u0151l sz\u00f3l\u00f3 45\/2014 II.26. Korm\u00e1nyrendelet<br>Az elektronikus kereskedelmi szolg\u00e1ltat\u00e1sok, valamint az inform\u00e1ci\u00f3s t\u00e1rsadalommal \u00f6sszef\u00fcgg\u0151 szolg\u00e1ltat\u00e1sok egyes k\u00e9rd\u00e9seir\u0151l sz\u00f3l\u00f3 2001. \u00e9vi CVIII. t\u00f6rv\u00e9ny Fogyaszt\u00f3v\u00e9delemr\u0151l sz\u00f3l\u00f3 1997. \u00e9vi CLV. t\u00f6rv\u00e9ny<\/p>\n\n\n\n<h2 class=\"wp-block-heading\"><\/h2>\n","protected":false},"excerpt":{"rendered":"<p>\u00c1ltal\u00e1nos szerz\u0151d\u00e9si felt\u00e9telek K\u00e9rlek, amennyiben akt\u00edv felhaszn\u00e1l\u00f3ja, illetve v\u00e1s\u00e1rl\u00f3ja szeretn\u00e9l lenni az Alkot\u00e1sok Angit\u00f3l weboldalnak, figyelmesen olvasd el az \u00c1ltal\u00e1nos Szerz\u0151d\u00e9si Felt\u00e9teleket \u00e9s kiz\u00e1r\u00f3lag abban az esetben vedd ig\u00e9nybe szolg\u00e1ltat\u00e1saimat, ha annak minden pontj\u00e1val egyet\u00e9rtesz, \u00e9s az abban le\u00edrtakat elfogadod. Amennyiben k\u00e9rd\u00e9sed mer\u00fclne fel, el\u00e9rhet\u0151s\u00e9geimen v\u00e1laszt adok. A szerz\u0151d\u00e9s l\u00e9trej\u00f6tte A v\u00e1s\u00e1rl\u00f3 tudom\u00e1sul veszi, hogy [&hellip;]<\/p>\n","protected":false},"author":1,"featured_media":0,"parent":0,"menu_order":0,"comment_status":"closed","ping_status":"closed","template":"","meta":{"_et_pb_use_builder":"","_et_pb_old_content":"","_et_gb_content_width":"","footnotes":""},"class_list":["post-3","page","type-page","status-publish","hentry"],"_links":{"self":[{"href":"https:\/\/alkotasokangitol.hu\/index.php\/wp-json\/wp\/v2\/pages\/3","targetHints":{"allow":["GET"]}}],"collection":[{"href":"https:\/\/alkotasokangitol.hu\/index.php\/wp-json\/wp\/v2\/pages"}],"about":[{"href":"https:\/\/alkotasokangitol.hu\/index.php\/wp-json\/wp\/v2\/types\/page"}],"author":[{"embeddable":true,"href":"https:\/\/alkotasokangitol.hu\/index.php\/wp-json\/wp\/v2\/users\/1"}],"replies":[{"embeddable":true,"href":"https:\/\/alkotasokangitol.hu\/index.php\/wp-json\/wp\/v2\/comments?post=3"}],"version-history":[{"count":2,"href":"https:\/\/alkotasokangitol.hu\/index.php\/wp-json\/wp\/v2\/pages\/3\/revisions"}],"predecessor-version":[{"id":170,"href":"https:\/\/alkotasokangitol.hu\/index.php\/wp-json\/wp\/v2\/pages\/3\/revisions\/170"}],"wp:attachment":[{"href":"https:\/\/alkotasokangitol.hu\/index.php\/wp-json\/wp\/v2\/media?parent=3"}],"curies":[{"name":"wp","href":"https:\/\/api.w.org\/{rel}","templated":true}]}}