{"id":105,"date":"2025-02-18T11:18:48","date_gmt":"2025-02-18T11:18:48","guid":{"rendered":"https:\/\/alkotasokangitol.hu\/?post_type=product&#038;p=105"},"modified":"2025-05-23T07:19:45","modified_gmt":"2025-05-23T07:19:45","slug":"babaanya-baba-es-anya-hajabol-rajzolt-gyongy","status":"publish","type":"product","link":"https:\/\/alkotasokangitol.hu\/index.php\/termek\/babaanya-baba-es-anya-hajabol-rajzolt-gyongy\/","title":{"rendered":"Baba+Anya &#8211; baba \u00e9s anya haj\u00e1b\u00f3l rajzolt gy\u00f6ngy"},"content":{"rendered":"<p>Kit\u0171n\u0151 v\u00e1laszt\u00e1s azok sz\u00e1m\u00e1ra, akik megaj\u00e1nd\u00e9kozn\u00e1k l\u00e1nyukat (ak\u00e1r tin\u00e9dzser, fiatal feln\u0151tt l\u00e1nyukat) egy sz\u00edvhez sz\u00f3l\u00f3 egyedi \u00e9kszerrel, ami t\u00fckr\u00f6zi az er\u0151s k\u00f6tel\u00e9ket kapcsolatuknak. Eur\u00f3pai st\u00edlus\u00fa \u00e9kszer, neves m\u00e1rk\u00e1val kompatibilis gy\u00f6ngy.A vir\u00e1g d\u00edsz\u00edt\u00e9s elhagyhat\u00f3, vagy a vir\u00e1g sz\u00edne v\u00e1laszthat\u00f3.<\/p>\n","protected":false},"excerpt":{"rendered":"<p>Kit\u0171n\u0151 v\u00e1laszt\u00e1s azok sz\u00e1m\u00e1ra, akik megaj\u00e1nd\u00e9kozn\u00e1k l\u00e1nyukat (ak\u00e1r tin\u00e9dzser, fiatal feln\u0151tt l\u00e1nyukat) egy sz\u00edvhez sz\u00f3l\u00f3 egyedi \u00e9kszerrel, ami t\u00fckr\u00f6zi az er\u0151s k\u00f6tel\u00e9ket kapcsolatuknak. Eur\u00f3pai st\u00edlus\u00fa \u00e9kszer, neves m\u00e1rk\u00e1val kompatibilis gy\u00f6ngy.A vir\u00e1g d\u00edsz\u00edt\u00e9s elhagyhat\u00f3, vagy a vir\u00e1g sz\u00edne v\u00e1laszthat\u00f3.<\/p>\n","protected":false},"featured_media":106,"template":"","meta":{"_et_pb_use_builder":"","_et_pb_old_content":"","_et_gb_content_width":""},"product_brand":[],"product_cat":[17,22],"product_tag":[],"class_list":{"0":"post-105","1":"product","2":"type-product","3":"status-publish","4":"has-post-thumbnail","6":"product_cat-hajjal-diszitett-anyatej-nelkul-ekszer","7":"product_cat-hajjal-rajzolt-termekek","9":"first","10":"instock","11":"shipping-taxable","12":"purchasable","13":"product-type-simple"},"_links":{"self":[{"href":"https:\/\/alkotasokangitol.hu\/index.php\/wp-json\/wp\/v2\/product\/105","targetHints":{"allow":["GET"]}}],"collection":[{"href":"https:\/\/alkotasokangitol.hu\/index.php\/wp-json\/wp\/v2\/product"}],"about":[{"href":"https:\/\/alkotasokangitol.hu\/index.php\/wp-json\/wp\/v2\/types\/product"}],"wp:featuredmedia":[{"embeddable":true,"href":"https:\/\/alkotasokangitol.hu\/index.php\/wp-json\/wp\/v2\/media\/106"}],"wp:attachment":[{"href":"https:\/\/alkotasokangitol.hu\/index.php\/wp-json\/wp\/v2\/media?parent=105"}],"wp:term":[{"taxonomy":"product_brand","embeddable":true,"href":"https:\/\/alkotasokangitol.hu\/index.php\/wp-json\/wp\/v2\/product_brand?post=105"},{"taxonomy":"product_cat","embeddable":true,"href":"https:\/\/alkotasokangitol.hu\/index.php\/wp-json\/wp\/v2\/product_cat?post=105"},{"taxonomy":"product_tag","embeddable":true,"href":"https:\/\/alkotasokangitol.hu\/index.php\/wp-json\/wp\/v2\/product_tag?post=105"}],"curies":[{"name":"wp","href":"https:\/\/api.w.org\/{rel}","templated":true}]}}