{"id":107,"date":"2025-02-18T11:22:38","date_gmt":"2025-02-18T11:22:38","guid":{"rendered":"https:\/\/alkotasokangitol.hu\/?post_type=product&#038;p=107"},"modified":"2025-05-23T07:23:48","modified_gmt":"2025-05-23T07:23:48","slug":"magyar-nepmesek-ihlette-charm","status":"publish","type":"product","link":"https:\/\/alkotasokangitol.hu\/index.php\/termek\/magyar-nepmesek-ihlette-charm\/","title":{"rendered":"Magyar n\u00e9pmes\u00e9k ihlette charm"},"content":{"rendered":"<p>A nyakl\u00e1nc ut\u00e1n term\u00e9szetesen nem maradhat el az eur\u00f3pai st\u00edlus\u00fa gy\u00f6ngy sem. Ez a hajb\u00f3l k\u00e9sz\u00edtett mot\u00edvum eleg\u00e1ns \u00e9s k\u00fcl\u00f6nleges megjelen\u00e9st k\u00f6lcs\u00f6n\u00f6z egy eml\u00e9keket mag\u00e1ba z\u00e1r\u00f3 \u00e9kszernek. A gy\u00f6ngyre ker\u00fclhet n\u00e9v is, \u00edgy ha \u00fajabb csal\u00e1dtag \u00e9rkezik nem \u00f6sszekeverhet\u0151, ak\u00e1r ugyanezt a mot\u00edvumot haszn\u00e1lva, b\u0151v\u00edthet\u0151 az \u00e9kszer tov\u00e1bbi darabbal, r\u00e1ad\u00e1sul mint\u00e1zatban is passzol majd.<br \/>\nA k\u00e9pek k\u00f6z\u00f6tt l\u00e1thatod viselet k\u00f6zben is!<br \/>\n(Anyatejjel is k\u00e9rheted \u00e9kszered! Ezesetben 20 ml anyatejre van sz\u00fcks\u00e9gem \u00e9s az \u00e1ra 29 500 ft. Anyatejes ig\u00e9nyed a megrendel\u00e9s sor\u00e1n megjegyz\u00e9sben t\u0171ntesd fel!)<\/p>\n","protected":false},"excerpt":{"rendered":"<p>A nyakl\u00e1nc ut\u00e1n term\u00e9szetesen nem maradhat el az eur\u00f3pai st\u00edlus\u00fa gy\u00f6ngy sem. Ez a hajb\u00f3l k\u00e9sz\u00edtett mot\u00edvum eleg\u00e1ns \u00e9s k\u00fcl\u00f6nleges megjelen\u00e9st k\u00f6lcs\u00f6n\u00f6z egy eml\u00e9keket mag\u00e1ba z\u00e1r\u00f3 \u00e9kszernek. A gy\u00f6ngyre ker\u00fclhet n\u00e9v is, \u00edgy ha \u00fajabb csal\u00e1dtag \u00e9rkezik nem \u00f6sszekeverhet\u0151, ak\u00e1r ugyanezt a mot\u00edvumot haszn\u00e1lva, b\u0151v\u00edthet\u0151 az \u00e9kszer tov\u00e1bbi darabbal, r\u00e1ad\u00e1sul mint\u00e1zatban is passzol majd. A [&hellip;]<\/p>\n","protected":false},"featured_media":110,"template":"","meta":{"_et_pb_use_builder":"","_et_pb_old_content":"","_et_gb_content_width":""},"product_brand":[],"product_cat":[17,22],"product_tag":[],"class_list":{"0":"post-107","1":"product","2":"type-product","3":"status-publish","4":"has-post-thumbnail","6":"product_cat-hajjal-diszitett-anyatej-nelkul-ekszer","7":"product_cat-hajjal-rajzolt-termekek","9":"first","10":"instock","11":"shipping-taxable","12":"purchasable","13":"product-type-simple"},"_links":{"self":[{"href":"https:\/\/alkotasokangitol.hu\/index.php\/wp-json\/wp\/v2\/product\/107","targetHints":{"allow":["GET"]}}],"collection":[{"href":"https:\/\/alkotasokangitol.hu\/index.php\/wp-json\/wp\/v2\/product"}],"about":[{"href":"https:\/\/alkotasokangitol.hu\/index.php\/wp-json\/wp\/v2\/types\/product"}],"wp:featuredmedia":[{"embeddable":true,"href":"https:\/\/alkotasokangitol.hu\/index.php\/wp-json\/wp\/v2\/media\/110"}],"wp:attachment":[{"href":"https:\/\/alkotasokangitol.hu\/index.php\/wp-json\/wp\/v2\/media?parent=107"}],"wp:term":[{"taxonomy":"product_brand","embeddable":true,"href":"https:\/\/alkotasokangitol.hu\/index.php\/wp-json\/wp\/v2\/product_brand?post=107"},{"taxonomy":"product_cat","embeddable":true,"href":"https:\/\/alkotasokangitol.hu\/index.php\/wp-json\/wp\/v2\/product_cat?post=107"},{"taxonomy":"product_tag","embeddable":true,"href":"https:\/\/alkotasokangitol.hu\/index.php\/wp-json\/wp\/v2\/product_tag?post=107"}],"curies":[{"name":"wp","href":"https:\/\/api.w.org\/{rel}","templated":true}]}}