{"id":120,"date":"2025-05-23T06:49:09","date_gmt":"2025-05-23T06:49:09","guid":{"rendered":"https:\/\/alkotasokangitol.hu\/?post_type=product&#038;p=120"},"modified":"2025-05-23T06:49:10","modified_gmt":"2025-05-23T06:49:10","slug":"kutyamancs-charm","status":"publish","type":"product","link":"https:\/\/alkotasokangitol.hu\/index.php\/termek\/kutyamancs-charm\/","title":{"rendered":"Kutyamancs charm"},"content":{"rendered":"<p>Kedvenc\u00fcnk mindig vel\u00fcnk lehet \u00e9kszerbe z\u00e1rva, hiszen a sz\u0151r\u00f6s csal\u00e1dtagok is sz\u00e1m\u00edtanak!<\/p>\n","protected":false},"excerpt":{"rendered":"<p>Kedvenc\u00fcnk mindig vel\u00fcnk lehet \u00e9kszerbe z\u00e1rva, hiszen a sz\u0151r\u00f6s csal\u00e1dtagok is sz\u00e1m\u00edtanak!<\/p>\n","protected":false},"featured_media":123,"template":"","meta":{"_et_pb_use_builder":"","_et_pb_old_content":"","_et_gb_content_width":""},"product_brand":[],"product_cat":[19],"product_tag":[],"class_list":{"0":"post-120","1":"product","2":"type-product","3":"status-publish","4":"has-post-thumbnail","6":"product_cat-kedvencek-emlekere","8":"first","9":"instock","10":"shipping-taxable","11":"purchasable","12":"product-type-simple"},"_links":{"self":[{"href":"https:\/\/alkotasokangitol.hu\/index.php\/wp-json\/wp\/v2\/product\/120","targetHints":{"allow":["GET"]}}],"collection":[{"href":"https:\/\/alkotasokangitol.hu\/index.php\/wp-json\/wp\/v2\/product"}],"about":[{"href":"https:\/\/alkotasokangitol.hu\/index.php\/wp-json\/wp\/v2\/types\/product"}],"wp:featuredmedia":[{"embeddable":true,"href":"https:\/\/alkotasokangitol.hu\/index.php\/wp-json\/wp\/v2\/media\/123"}],"wp:attachment":[{"href":"https:\/\/alkotasokangitol.hu\/index.php\/wp-json\/wp\/v2\/media?parent=120"}],"wp:term":[{"taxonomy":"product_brand","embeddable":true,"href":"https:\/\/alkotasokangitol.hu\/index.php\/wp-json\/wp\/v2\/product_brand?post=120"},{"taxonomy":"product_cat","embeddable":true,"href":"https:\/\/alkotasokangitol.hu\/index.php\/wp-json\/wp\/v2\/product_cat?post=120"},{"taxonomy":"product_tag","embeddable":true,"href":"https:\/\/alkotasokangitol.hu\/index.php\/wp-json\/wp\/v2\/product_tag?post=120"}],"curies":[{"name":"wp","href":"https:\/\/api.w.org\/{rel}","templated":true}]}}