{"id":124,"date":"2025-05-23T06:51:41","date_gmt":"2025-05-23T06:51:41","guid":{"rendered":"https:\/\/alkotasokangitol.hu\/?post_type=product&#038;p=124"},"modified":"2025-05-23T06:51:41","modified_gmt":"2025-05-23T06:51:41","slug":"cicaszorbol-rajzolt-emlek","status":"publish","type":"product","link":"https:\/\/alkotasokangitol.hu\/index.php\/termek\/cicaszorbol-rajzolt-emlek\/","title":{"rendered":"Cicasz\u0151rb\u0151l rajzolt eml\u00e9k"},"content":{"rendered":"<p>Egy szeretett h\u00e1zikedvenc, egy igazi csal\u00e1dtag eml\u00e9k\u00e9re is lehet rajzolt mint\u00e1t v\u00e1lasztani.2,5 centis rozsdamentes ac\u00e9l alappal az \u00e9kszer eleg\u00e1ns \u00e9s st\u00edlusos eml\u00e9k n\u00e9gyl\u00e1b\u00fa szerett\u00fcnkr\u0151l.<\/p>\n","protected":false},"excerpt":{"rendered":"<p>Egy szeretett h\u00e1zikedvenc, egy igazi csal\u00e1dtag eml\u00e9k\u00e9re is lehet rajzolt mint\u00e1t v\u00e1lasztani.2,5 centis rozsdamentes ac\u00e9l alappal az \u00e9kszer eleg\u00e1ns \u00e9s st\u00edlusos eml\u00e9k n\u00e9gyl\u00e1b\u00fa szerett\u00fcnkr\u0151l.<\/p>\n","protected":false},"featured_media":125,"template":"","meta":{"_et_pb_use_builder":"","_et_pb_old_content":"","_et_gb_content_width":""},"product_brand":[],"product_cat":[19],"product_tag":[],"class_list":{"0":"post-124","1":"product","2":"type-product","3":"status-publish","4":"has-post-thumbnail","6":"product_cat-kedvencek-emlekere","8":"first","9":"instock","10":"shipping-taxable","11":"purchasable","12":"product-type-simple"},"_links":{"self":[{"href":"https:\/\/alkotasokangitol.hu\/index.php\/wp-json\/wp\/v2\/product\/124","targetHints":{"allow":["GET"]}}],"collection":[{"href":"https:\/\/alkotasokangitol.hu\/index.php\/wp-json\/wp\/v2\/product"}],"about":[{"href":"https:\/\/alkotasokangitol.hu\/index.php\/wp-json\/wp\/v2\/types\/product"}],"wp:featuredmedia":[{"embeddable":true,"href":"https:\/\/alkotasokangitol.hu\/index.php\/wp-json\/wp\/v2\/media\/125"}],"wp:attachment":[{"href":"https:\/\/alkotasokangitol.hu\/index.php\/wp-json\/wp\/v2\/media?parent=124"}],"wp:term":[{"taxonomy":"product_brand","embeddable":true,"href":"https:\/\/alkotasokangitol.hu\/index.php\/wp-json\/wp\/v2\/product_brand?post=124"},{"taxonomy":"product_cat","embeddable":true,"href":"https:\/\/alkotasokangitol.hu\/index.php\/wp-json\/wp\/v2\/product_cat?post=124"},{"taxonomy":"product_tag","embeddable":true,"href":"https:\/\/alkotasokangitol.hu\/index.php\/wp-json\/wp\/v2\/product_tag?post=124"}],"curies":[{"name":"wp","href":"https:\/\/api.w.org\/{rel}","templated":true}]}}