{"id":126,"date":"2025-05-23T06:54:22","date_gmt":"2025-05-23T06:54:22","guid":{"rendered":"https:\/\/alkotasokangitol.hu\/?post_type=product&#038;p=126"},"modified":"2025-05-23T07:21:14","modified_gmt":"2025-05-23T07:21:14","slug":"kez-a-kezben-karkoto","status":"publish","type":"product","link":"https:\/\/alkotasokangitol.hu\/index.php\/termek\/kez-a-kezben-karkoto\/","title":{"rendered":"K\u00e9z a k\u00e9zben kark\u00f6t\u0151"},"content":{"rendered":"<p>K\u00f6zkedvelt aj\u00e1nd\u00e9k \u00e9desap\u00e1k sz\u00e1m\u00e1ra gyermek\u00fck haj\u00e1b\u00f3l k\u00e9sz\u00fclt rajzzal. \u00c9desapa haj\u00e1val is tudok dolgozni, \u00edgy a feln\u0151tt k\u00e9z lehet a saj\u00e1t haj\u00e1b\u00f3l form\u00e1zva (ak\u00e1r m\u00e1r 5 mm hossz elegend\u0151 a k\u00e9sz\u00edt\u00e9shez).<\/p>\n<p>H\u00faz\u00f3csom\u00f3 seg\u00edts\u00e9g\u00e9vel a kark\u00f6t\u0151 m\u00e9retre \u00e1ll\u00edthat\u00f3.<\/p>\n","protected":false},"excerpt":{"rendered":"<p>K\u00f6zkedvelt aj\u00e1nd\u00e9k \u00e9desap\u00e1k sz\u00e1m\u00e1ra gyermek\u00fck haj\u00e1b\u00f3l k\u00e9sz\u00fclt rajzzal. \u00c9desapa haj\u00e1val is tudok dolgozni, \u00edgy a feln\u0151tt k\u00e9z lehet a saj\u00e1t haj\u00e1b\u00f3l form\u00e1zva (ak\u00e1r m\u00e1r 5 mm hossz elegend\u0151 a k\u00e9sz\u00edt\u00e9shez). H\u00faz\u00f3csom\u00f3 seg\u00edts\u00e9g\u00e9vel a kark\u00f6t\u0151 m\u00e9retre \u00e1ll\u00edthat\u00f3.<\/p>\n","protected":false},"featured_media":127,"template":"","meta":{"_et_pb_use_builder":"","_et_pb_old_content":"","_et_gb_content_width":""},"product_brand":[],"product_cat":[20,17,22],"product_tag":[],"class_list":{"0":"post-126","1":"product","2":"type-product","3":"status-publish","4":"has-post-thumbnail","6":"product_cat-apaknak","7":"product_cat-hajjal-diszitett-anyatej-nelkul-ekszer","8":"product_cat-hajjal-rajzolt-termekek","10":"first","11":"instock","12":"shipping-taxable","13":"purchasable","14":"product-type-simple"},"_links":{"self":[{"href":"https:\/\/alkotasokangitol.hu\/index.php\/wp-json\/wp\/v2\/product\/126","targetHints":{"allow":["GET"]}}],"collection":[{"href":"https:\/\/alkotasokangitol.hu\/index.php\/wp-json\/wp\/v2\/product"}],"about":[{"href":"https:\/\/alkotasokangitol.hu\/index.php\/wp-json\/wp\/v2\/types\/product"}],"wp:featuredmedia":[{"embeddable":true,"href":"https:\/\/alkotasokangitol.hu\/index.php\/wp-json\/wp\/v2\/media\/127"}],"wp:attachment":[{"href":"https:\/\/alkotasokangitol.hu\/index.php\/wp-json\/wp\/v2\/media?parent=126"}],"wp:term":[{"taxonomy":"product_brand","embeddable":true,"href":"https:\/\/alkotasokangitol.hu\/index.php\/wp-json\/wp\/v2\/product_brand?post=126"},{"taxonomy":"product_cat","embeddable":true,"href":"https:\/\/alkotasokangitol.hu\/index.php\/wp-json\/wp\/v2\/product_cat?post=126"},{"taxonomy":"product_tag","embeddable":true,"href":"https:\/\/alkotasokangitol.hu\/index.php\/wp-json\/wp\/v2\/product_tag?post=126"}],"curies":[{"name":"wp","href":"https:\/\/api.w.org\/{rel}","templated":true}]}}