{"id":128,"date":"2025-05-23T06:56:21","date_gmt":"2025-05-23T06:56:21","guid":{"rendered":"https:\/\/alkotasokangitol.hu\/?post_type=product&#038;p=128"},"modified":"2025-05-23T07:21:44","modified_gmt":"2025-05-23T07:21:44","slug":"kristof-ferfi-karkoto-hajbol-eletfa-motivummal","status":"publish","type":"product","link":"https:\/\/alkotasokangitol.hu\/index.php\/termek\/kristof-ferfi-karkoto-hajbol-eletfa-motivummal\/","title":{"rendered":"Krist\u00f3f &#8211; f\u00e9rfi kark\u00f6t\u0151 hajb\u00f3l \u00e9letfa mot\u00edvummal"},"content":{"rendered":"<p>Ez a t\u00edpus a f\u00e9rfiakn\u00e1l k\u00f6zledvelt darab, a minta ak\u00e1r az eg\u00e9sz csal\u00e1d haj\u00e1b\u00f3l kialak\u00edthat\u00f3, \u00edgy t\u00fckr\u00f6zi a csal\u00e1d egys\u00e9g\u00e9t. A kark\u00f6t\u0151 makram\u00e9 technik\u00e1val k\u00e9sz\u00fcl, h\u00faz\u00f3csom\u00f3 seg\u00edts\u00e9g\u00e9vel m\u00e9retre \u00e1ll\u00edthat\u00f3, k\u00e9nyelmes viselet.<\/p>\n","protected":false},"excerpt":{"rendered":"<p>Ez a t\u00edpus a f\u00e9rfiakn\u00e1l k\u00f6zledvelt darab, a minta ak\u00e1r az eg\u00e9sz csal\u00e1d haj\u00e1b\u00f3l kialak\u00edthat\u00f3, \u00edgy t\u00fckr\u00f6zi a csal\u00e1d egys\u00e9g\u00e9t. A kark\u00f6t\u0151 makram\u00e9 technik\u00e1val k\u00e9sz\u00fcl, h\u00faz\u00f3csom\u00f3 seg\u00edts\u00e9g\u00e9vel m\u00e9retre \u00e1ll\u00edthat\u00f3, k\u00e9nyelmes viselet.<\/p>\n","protected":false},"featured_media":129,"template":"","meta":{"_et_pb_use_builder":"","_et_pb_old_content":"","_et_gb_content_width":""},"product_brand":[],"product_cat":[20,17,22],"product_tag":[],"class_list":{"0":"post-128","1":"product","2":"type-product","3":"status-publish","4":"has-post-thumbnail","6":"product_cat-apaknak","7":"product_cat-hajjal-diszitett-anyatej-nelkul-ekszer","8":"product_cat-hajjal-rajzolt-termekek","10":"first","11":"instock","12":"shipping-taxable","13":"purchasable","14":"product-type-simple"},"_links":{"self":[{"href":"https:\/\/alkotasokangitol.hu\/index.php\/wp-json\/wp\/v2\/product\/128","targetHints":{"allow":["GET"]}}],"collection":[{"href":"https:\/\/alkotasokangitol.hu\/index.php\/wp-json\/wp\/v2\/product"}],"about":[{"href":"https:\/\/alkotasokangitol.hu\/index.php\/wp-json\/wp\/v2\/types\/product"}],"wp:featuredmedia":[{"embeddable":true,"href":"https:\/\/alkotasokangitol.hu\/index.php\/wp-json\/wp\/v2\/media\/129"}],"wp:attachment":[{"href":"https:\/\/alkotasokangitol.hu\/index.php\/wp-json\/wp\/v2\/media?parent=128"}],"wp:term":[{"taxonomy":"product_brand","embeddable":true,"href":"https:\/\/alkotasokangitol.hu\/index.php\/wp-json\/wp\/v2\/product_brand?post=128"},{"taxonomy":"product_cat","embeddable":true,"href":"https:\/\/alkotasokangitol.hu\/index.php\/wp-json\/wp\/v2\/product_cat?post=128"},{"taxonomy":"product_tag","embeddable":true,"href":"https:\/\/alkotasokangitol.hu\/index.php\/wp-json\/wp\/v2\/product_tag?post=128"}],"curies":[{"name":"wp","href":"https:\/\/api.w.org\/{rel}","templated":true}]}}