{"id":131,"date":"2025-05-23T06:58:11","date_gmt":"2025-05-23T06:58:11","guid":{"rendered":"https:\/\/alkotasokangitol.hu\/?post_type=product&#038;p=131"},"modified":"2025-05-23T06:58:11","modified_gmt":"2025-05-23T06:58:11","slug":"lazar-asvangyongyos-ferfi-karkoto-1-darab-hajjal-diszitett-gyonggyel","status":"publish","type":"product","link":"https:\/\/alkotasokangitol.hu\/index.php\/termek\/lazar-asvangyongyos-ferfi-karkoto-1-darab-hajjal-diszitett-gyonggyel\/","title":{"rendered":"L\u00e1z\u00e1r &#8211; \u00e1sv\u00e1ngy\u00f6ngy\u00f6s f\u00e9rfi kark\u00f6t\u0151 1 darab hajjal d\u00edsz\u00edtett gy\u00f6nggyel"},"content":{"rendered":"<p>Ez egy eleg\u00e1ns f\u00e9rfiaknak k\u00e9sz\u00fcl\u0151, gumis kark\u00f6t\u0151. Sz\u00fcks\u00e9ges hozz\u00e1 csukl\u00f3m\u00e9ret, a gy\u00f6ngy\u00f6k 8 mm-es nagys\u00e1g\u00faak. A f\u00e9m d\u00edsz\u00edt\u0151elemek rozsdamentes ac\u00e9lb\u00f3l vannak, a gy\u00f6ngy\u00f6k \u00f3nix \u00e9s l\u00e1va gy\u00f6ngy sorozata.<\/p>\n","protected":false},"excerpt":{"rendered":"<p>Ez egy eleg\u00e1ns f\u00e9rfiaknak k\u00e9sz\u00fcl\u0151, gumis kark\u00f6t\u0151. Sz\u00fcks\u00e9ges hozz\u00e1 csukl\u00f3m\u00e9ret, a gy\u00f6ngy\u00f6k 8 mm-es nagys\u00e1g\u00faak. A f\u00e9m d\u00edsz\u00edt\u0151elemek rozsdamentes ac\u00e9lb\u00f3l vannak, a gy\u00f6ngy\u00f6k \u00f3nix \u00e9s l\u00e1va gy\u00f6ngy sorozata.<\/p>\n","protected":false},"featured_media":134,"template":"","meta":{"_et_pb_use_builder":"","_et_pb_old_content":"","_et_gb_content_width":""},"product_brand":[],"product_cat":[20,17],"product_tag":[],"class_list":{"0":"post-131","1":"product","2":"type-product","3":"status-publish","4":"has-post-thumbnail","6":"product_cat-apaknak","7":"product_cat-hajjal-diszitett-anyatej-nelkul-ekszer","9":"first","10":"instock","11":"shipping-taxable","12":"purchasable","13":"product-type-simple"},"_links":{"self":[{"href":"https:\/\/alkotasokangitol.hu\/index.php\/wp-json\/wp\/v2\/product\/131","targetHints":{"allow":["GET"]}}],"collection":[{"href":"https:\/\/alkotasokangitol.hu\/index.php\/wp-json\/wp\/v2\/product"}],"about":[{"href":"https:\/\/alkotasokangitol.hu\/index.php\/wp-json\/wp\/v2\/types\/product"}],"wp:featuredmedia":[{"embeddable":true,"href":"https:\/\/alkotasokangitol.hu\/index.php\/wp-json\/wp\/v2\/media\/134"}],"wp:attachment":[{"href":"https:\/\/alkotasokangitol.hu\/index.php\/wp-json\/wp\/v2\/media?parent=131"}],"wp:term":[{"taxonomy":"product_brand","embeddable":true,"href":"https:\/\/alkotasokangitol.hu\/index.php\/wp-json\/wp\/v2\/product_brand?post=131"},{"taxonomy":"product_cat","embeddable":true,"href":"https:\/\/alkotasokangitol.hu\/index.php\/wp-json\/wp\/v2\/product_cat?post=131"},{"taxonomy":"product_tag","embeddable":true,"href":"https:\/\/alkotasokangitol.hu\/index.php\/wp-json\/wp\/v2\/product_tag?post=131"}],"curies":[{"name":"wp","href":"https:\/\/api.w.org\/{rel}","templated":true}]}}