{"id":138,"date":"2025-05-23T07:01:10","date_gmt":"2025-05-23T07:01:10","guid":{"rendered":"https:\/\/alkotasokangitol.hu\/?post_type=product&#038;p=138"},"modified":"2025-05-23T07:01:10","modified_gmt":"2025-05-23T07:01:10","slug":"levente-borkarkoto-ferfiaknak","status":"publish","type":"product","link":"https:\/\/alkotasokangitol.hu\/index.php\/termek\/levente-borkarkoto-ferfiaknak\/","title":{"rendered":"Levente b\u0151rkark\u00f6t\u0151 f\u00e9rfiaknak"},"content":{"rendered":"<p>Egyszer\u0171bb hajmint\u00e1val d\u00edsz\u00edtett, kifejezetten f\u00e9rfiaknak kialak\u00edtott b\u0151rkark\u00f6t\u0151, melyet egy rozsdamentes ac\u00e9l csattal biztons\u00e1gosan \u00e9s k\u00e9nyelmesen vehetnek fel \u00e9s le. Az \u00e9kszer pontos csukl\u00f3m\u00e9retet ig\u00e9nyel!<\/p>\n","protected":false},"excerpt":{"rendered":"<p>Egyszer\u0171bb hajmint\u00e1val d\u00edsz\u00edtett, kifejezetten f\u00e9rfiaknak kialak\u00edtott b\u0151rkark\u00f6t\u0151, melyet egy rozsdamentes ac\u00e9l csattal biztons\u00e1gosan \u00e9s k\u00e9nyelmesen vehetnek fel \u00e9s le. Az \u00e9kszer pontos csukl\u00f3m\u00e9retet ig\u00e9nyel!<\/p>\n","protected":false},"featured_media":139,"template":"","meta":{"_et_pb_use_builder":"","_et_pb_old_content":"","_et_gb_content_width":""},"product_brand":[],"product_cat":[20,17],"product_tag":[],"class_list":{"0":"post-138","1":"product","2":"type-product","3":"status-publish","4":"has-post-thumbnail","6":"product_cat-apaknak","7":"product_cat-hajjal-diszitett-anyatej-nelkul-ekszer","9":"first","10":"instock","11":"shipping-taxable","12":"purchasable","13":"product-type-simple"},"_links":{"self":[{"href":"https:\/\/alkotasokangitol.hu\/index.php\/wp-json\/wp\/v2\/product\/138","targetHints":{"allow":["GET"]}}],"collection":[{"href":"https:\/\/alkotasokangitol.hu\/index.php\/wp-json\/wp\/v2\/product"}],"about":[{"href":"https:\/\/alkotasokangitol.hu\/index.php\/wp-json\/wp\/v2\/types\/product"}],"wp:featuredmedia":[{"embeddable":true,"href":"https:\/\/alkotasokangitol.hu\/index.php\/wp-json\/wp\/v2\/media\/139"}],"wp:attachment":[{"href":"https:\/\/alkotasokangitol.hu\/index.php\/wp-json\/wp\/v2\/media?parent=138"}],"wp:term":[{"taxonomy":"product_brand","embeddable":true,"href":"https:\/\/alkotasokangitol.hu\/index.php\/wp-json\/wp\/v2\/product_brand?post=138"},{"taxonomy":"product_cat","embeddable":true,"href":"https:\/\/alkotasokangitol.hu\/index.php\/wp-json\/wp\/v2\/product_cat?post=138"},{"taxonomy":"product_tag","embeddable":true,"href":"https:\/\/alkotasokangitol.hu\/index.php\/wp-json\/wp\/v2\/product_tag?post=138"}],"curies":[{"name":"wp","href":"https:\/\/api.w.org\/{rel}","templated":true}]}}