{"id":140,"date":"2025-05-23T07:02:49","date_gmt":"2025-05-23T07:02:49","guid":{"rendered":"https:\/\/alkotasokangitol.hu\/?post_type=product&#038;p=140"},"modified":"2025-05-23T07:03:03","modified_gmt":"2025-05-23T07:03:03","slug":"erik-karkoto-ferfiaknak","status":"publish","type":"product","link":"https:\/\/alkotasokangitol.hu\/index.php\/termek\/erik-karkoto-ferfiaknak\/","title":{"rendered":"Erik kark\u00f6t\u0151 f\u00e9rfiaknak"},"content":{"rendered":"<p>Feh\u00e9r sz\u00edn\u0171 gyanta gy\u00f6ngy\u00f6n k\u00f6rbe futtatott hajacska. Energikus, m\u00e9gis egyedi makram\u00e9 \u00e9kszer f\u00e9rfiak r\u00e9sz\u00e9re els\u0151 sorban, de egyre gyakrabban rendelnek h\u00f6lgyek is ebb\u0151l a t\u00edpusb\u00f3l.<\/p>\n<p>A kark\u00f6t\u0151 el\u0151nye, hogy nem kell pontos csukl\u00f3m\u00e9retet megadni, h\u00faz\u00f3csom\u00f3 seg\u00edts\u00e9g\u00e9vel k\u00e9nyelmesen m\u00e9retre \u00e1ll\u00edthat\u00f3 darab. T\u00f6bb gyermek tincs\u00e9vel is k\u00e9sz\u00edthet\u0151, illetve t\u00f6bb gy\u00f6nggyel is k\u00e9rhet\u0151, ut\u00f3bbi \u00e1rban v\u00e1ltozik a gy\u00f6ngy\u00f6k darabsz\u00e1m\u00e1t\u00f3l f\u00fcgg\u0151en.<\/p>\n","protected":false},"excerpt":{"rendered":"<p>Feh\u00e9r sz\u00edn\u0171 gyanta gy\u00f6ngy\u00f6n k\u00f6rbe futtatott hajacska. Energikus, m\u00e9gis egyedi makram\u00e9 \u00e9kszer f\u00e9rfiak r\u00e9sz\u00e9re els\u0151 sorban, de egyre gyakrabban rendelnek h\u00f6lgyek is ebb\u0151l a t\u00edpusb\u00f3l. A kark\u00f6t\u0151 el\u0151nye, hogy nem kell pontos csukl\u00f3m\u00e9retet megadni, h\u00faz\u00f3csom\u00f3 seg\u00edts\u00e9g\u00e9vel k\u00e9nyelmesen m\u00e9retre \u00e1ll\u00edthat\u00f3 darab. T\u00f6bb gyermek tincs\u00e9vel is k\u00e9sz\u00edthet\u0151, illetve t\u00f6bb gy\u00f6nggyel is k\u00e9rhet\u0151, ut\u00f3bbi \u00e1rban v\u00e1ltozik a gy\u00f6ngy\u00f6k [&hellip;]<\/p>\n","protected":false},"featured_media":142,"template":"","meta":{"_et_pb_use_builder":"","_et_pb_old_content":"","_et_gb_content_width":""},"product_brand":[],"product_cat":[20,17],"product_tag":[],"class_list":{"0":"post-140","1":"product","2":"type-product","3":"status-publish","4":"has-post-thumbnail","6":"product_cat-apaknak","7":"product_cat-hajjal-diszitett-anyatej-nelkul-ekszer","9":"first","10":"instock","11":"shipping-taxable","12":"purchasable","13":"product-type-simple"},"_links":{"self":[{"href":"https:\/\/alkotasokangitol.hu\/index.php\/wp-json\/wp\/v2\/product\/140","targetHints":{"allow":["GET"]}}],"collection":[{"href":"https:\/\/alkotasokangitol.hu\/index.php\/wp-json\/wp\/v2\/product"}],"about":[{"href":"https:\/\/alkotasokangitol.hu\/index.php\/wp-json\/wp\/v2\/types\/product"}],"wp:featuredmedia":[{"embeddable":true,"href":"https:\/\/alkotasokangitol.hu\/index.php\/wp-json\/wp\/v2\/media\/142"}],"wp:attachment":[{"href":"https:\/\/alkotasokangitol.hu\/index.php\/wp-json\/wp\/v2\/media?parent=140"}],"wp:term":[{"taxonomy":"product_brand","embeddable":true,"href":"https:\/\/alkotasokangitol.hu\/index.php\/wp-json\/wp\/v2\/product_brand?post=140"},{"taxonomy":"product_cat","embeddable":true,"href":"https:\/\/alkotasokangitol.hu\/index.php\/wp-json\/wp\/v2\/product_cat?post=140"},{"taxonomy":"product_tag","embeddable":true,"href":"https:\/\/alkotasokangitol.hu\/index.php\/wp-json\/wp\/v2\/product_tag?post=140"}],"curies":[{"name":"wp","href":"https:\/\/api.w.org\/{rel}","templated":true}]}}