{"id":145,"date":"2025-05-23T07:14:02","date_gmt":"2025-05-23T07:14:02","guid":{"rendered":"https:\/\/alkotasokangitol.hu\/?post_type=product&#038;p=145"},"modified":"2025-05-23T07:14:02","modified_gmt":"2025-05-23T07:14:02","slug":"ab-ovo-kegyeleti-gyuru","status":"publish","type":"product","link":"https:\/\/alkotasokangitol.hu\/index.php\/termek\/ab-ovo-kegyeleti-gyuru\/","title":{"rendered":"Ab ovo &#8211; kegyeleti gy\u0171r\u0171"},"content":{"rendered":"<p>Csup\u00e1n k\u00e9t sz\u00e1l haj maradt a f\u00e9s\u0171j\u00e9ben&#8230; De \u00edgy is maradhat \u00f6r\u00f6kre veled \u00e9kszerben.<\/p>\n<p>A hajsz\u00e1lak k\u00f6z\u00f6tt finom ez\u00fcst csill\u00e1m fut. Ig\u00e9ny szerint elhagyhat\u00f3, vagy sz\u00edne v\u00e1ltoztathat\u00f3.<\/p>\n","protected":false},"excerpt":{"rendered":"<p>Csup\u00e1n k\u00e9t sz\u00e1l haj maradt a f\u00e9s\u0171j\u00e9ben&#8230; De \u00edgy is maradhat \u00f6r\u00f6kre veled \u00e9kszerben. A hajsz\u00e1lak k\u00f6z\u00f6tt finom ez\u00fcst csill\u00e1m fut. Ig\u00e9ny szerint elhagyhat\u00f3, vagy sz\u00edne v\u00e1ltoztathat\u00f3.<\/p>\n","protected":false},"featured_media":146,"template":"","meta":{"_et_pb_use_builder":"","_et_pb_old_content":"","_et_gb_content_width":""},"product_brand":[],"product_cat":[21],"product_tag":[],"class_list":{"0":"post-145","1":"product","2":"type-product","3":"status-publish","4":"has-post-thumbnail","6":"product_cat-kegyeleti-termekek","8":"first","9":"instock","10":"shipping-taxable","11":"purchasable","12":"product-type-simple"},"_links":{"self":[{"href":"https:\/\/alkotasokangitol.hu\/index.php\/wp-json\/wp\/v2\/product\/145","targetHints":{"allow":["GET"]}}],"collection":[{"href":"https:\/\/alkotasokangitol.hu\/index.php\/wp-json\/wp\/v2\/product"}],"about":[{"href":"https:\/\/alkotasokangitol.hu\/index.php\/wp-json\/wp\/v2\/types\/product"}],"wp:featuredmedia":[{"embeddable":true,"href":"https:\/\/alkotasokangitol.hu\/index.php\/wp-json\/wp\/v2\/media\/146"}],"wp:attachment":[{"href":"https:\/\/alkotasokangitol.hu\/index.php\/wp-json\/wp\/v2\/media?parent=145"}],"wp:term":[{"taxonomy":"product_brand","embeddable":true,"href":"https:\/\/alkotasokangitol.hu\/index.php\/wp-json\/wp\/v2\/product_brand?post=145"},{"taxonomy":"product_cat","embeddable":true,"href":"https:\/\/alkotasokangitol.hu\/index.php\/wp-json\/wp\/v2\/product_cat?post=145"},{"taxonomy":"product_tag","embeddable":true,"href":"https:\/\/alkotasokangitol.hu\/index.php\/wp-json\/wp\/v2\/product_tag?post=145"}],"curies":[{"name":"wp","href":"https:\/\/api.w.org\/{rel}","templated":true}]}}