{"id":148,"date":"2025-05-23T07:15:24","date_gmt":"2025-05-23T07:15:24","guid":{"rendered":"https:\/\/alkotasokangitol.hu\/?post_type=product&#038;p=148"},"modified":"2025-05-23T07:15:24","modified_gmt":"2025-05-23T07:15:24","slug":"anima-rozsdamentes-acel-nyaklanc","status":"publish","type":"product","link":"https:\/\/alkotasokangitol.hu\/index.php\/termek\/anima-rozsdamentes-acel-nyaklanc\/","title":{"rendered":"Anima rozsdamentes ac\u00e9l nyakl\u00e1nc"},"content":{"rendered":"<p>Ez a nyakl\u00e1nct\u00edpus 2 cm-es med\u00e1llal egy eleg\u00e1ns, m\u00e9gsem kir\u00edv\u00f3 darab.. Hamvak elhelyez\u00e9se mellett alapsz\u00edn \u00e9s egy\u00e9b d\u00edsz\u00edt\u0151 l\u00e1gy\u00edtja az \u00e9kszer megjelen\u00e9s\u00e9t, tulajdonosa sz\u00e1m\u00e1ra egy\u00e9rtelm\u0171 csup\u00e1n az \u00e9kszer tartalma.<\/p>\n","protected":false},"excerpt":{"rendered":"<p>Ez a nyakl\u00e1nct\u00edpus 2 cm-es med\u00e1llal egy eleg\u00e1ns, m\u00e9gsem kir\u00edv\u00f3 darab.. Hamvak elhelyez\u00e9se mellett alapsz\u00edn \u00e9s egy\u00e9b d\u00edsz\u00edt\u0151 l\u00e1gy\u00edtja az \u00e9kszer megjelen\u00e9s\u00e9t, tulajdonosa sz\u00e1m\u00e1ra egy\u00e9rtelm\u0171 csup\u00e1n az \u00e9kszer tartalma.<\/p>\n","protected":false},"featured_media":149,"template":"","meta":{"_et_pb_use_builder":"","_et_pb_old_content":"","_et_gb_content_width":""},"product_brand":[],"product_cat":[21],"product_tag":[],"class_list":{"0":"post-148","1":"product","2":"type-product","3":"status-publish","4":"has-post-thumbnail","6":"product_cat-kegyeleti-termekek","8":"first","9":"instock","10":"shipping-taxable","11":"purchasable","12":"product-type-simple"},"_links":{"self":[{"href":"https:\/\/alkotasokangitol.hu\/index.php\/wp-json\/wp\/v2\/product\/148","targetHints":{"allow":["GET"]}}],"collection":[{"href":"https:\/\/alkotasokangitol.hu\/index.php\/wp-json\/wp\/v2\/product"}],"about":[{"href":"https:\/\/alkotasokangitol.hu\/index.php\/wp-json\/wp\/v2\/types\/product"}],"wp:featuredmedia":[{"embeddable":true,"href":"https:\/\/alkotasokangitol.hu\/index.php\/wp-json\/wp\/v2\/media\/149"}],"wp:attachment":[{"href":"https:\/\/alkotasokangitol.hu\/index.php\/wp-json\/wp\/v2\/media?parent=148"}],"wp:term":[{"taxonomy":"product_brand","embeddable":true,"href":"https:\/\/alkotasokangitol.hu\/index.php\/wp-json\/wp\/v2\/product_brand?post=148"},{"taxonomy":"product_cat","embeddable":true,"href":"https:\/\/alkotasokangitol.hu\/index.php\/wp-json\/wp\/v2\/product_cat?post=148"},{"taxonomy":"product_tag","embeddable":true,"href":"https:\/\/alkotasokangitol.hu\/index.php\/wp-json\/wp\/v2\/product_tag?post=148"}],"curies":[{"name":"wp","href":"https:\/\/api.w.org\/{rel}","templated":true}]}}