{"id":150,"date":"2025-05-23T07:16:48","date_gmt":"2025-05-23T07:16:48","guid":{"rendered":"https:\/\/alkotasokangitol.hu\/?post_type=product&#038;p=150"},"modified":"2025-05-23T07:16:48","modified_gmt":"2025-05-23T07:16:48","slug":"hereditas-hamvakkal-keszitett-kegyeleti-gyuru","status":"publish","type":"product","link":"https:\/\/alkotasokangitol.hu\/index.php\/termek\/hereditas-hamvakkal-keszitett-kegyeleti-gyuru\/","title":{"rendered":"Hereditas &#8211; hamvakkal k\u00e9sz\u00edtett kegyeleti gy\u0171r\u0171"},"content":{"rendered":"<p>Rozsdamentes ac\u00e9l gy\u0171r\u0171, mely elvesztett szerett\u00fcnk hamvaival k\u00e9sz\u00fcl, hogy egy r\u00e9sze mindig vel\u00fcnk maradjon.<\/p>\n","protected":false},"excerpt":{"rendered":"<p>Rozsdamentes ac\u00e9l gy\u0171r\u0171, mely elvesztett szerett\u00fcnk hamvaival k\u00e9sz\u00fcl, hogy egy r\u00e9sze mindig vel\u00fcnk maradjon.<\/p>\n","protected":false},"featured_media":151,"template":"","meta":{"_et_pb_use_builder":"","_et_pb_old_content":"","_et_gb_content_width":""},"product_brand":[],"product_cat":[21],"product_tag":[],"class_list":{"0":"post-150","1":"product","2":"type-product","3":"status-publish","4":"has-post-thumbnail","6":"product_cat-kegyeleti-termekek","8":"first","9":"instock","10":"shipping-taxable","11":"purchasable","12":"product-type-simple"},"_links":{"self":[{"href":"https:\/\/alkotasokangitol.hu\/index.php\/wp-json\/wp\/v2\/product\/150","targetHints":{"allow":["GET"]}}],"collection":[{"href":"https:\/\/alkotasokangitol.hu\/index.php\/wp-json\/wp\/v2\/product"}],"about":[{"href":"https:\/\/alkotasokangitol.hu\/index.php\/wp-json\/wp\/v2\/types\/product"}],"wp:featuredmedia":[{"embeddable":true,"href":"https:\/\/alkotasokangitol.hu\/index.php\/wp-json\/wp\/v2\/media\/151"}],"wp:attachment":[{"href":"https:\/\/alkotasokangitol.hu\/index.php\/wp-json\/wp\/v2\/media?parent=150"}],"wp:term":[{"taxonomy":"product_brand","embeddable":true,"href":"https:\/\/alkotasokangitol.hu\/index.php\/wp-json\/wp\/v2\/product_brand?post=150"},{"taxonomy":"product_cat","embeddable":true,"href":"https:\/\/alkotasokangitol.hu\/index.php\/wp-json\/wp\/v2\/product_cat?post=150"},{"taxonomy":"product_tag","embeddable":true,"href":"https:\/\/alkotasokangitol.hu\/index.php\/wp-json\/wp\/v2\/product_tag?post=150"}],"curies":[{"name":"wp","href":"https:\/\/api.w.org\/{rel}","templated":true}]}}