{"id":152,"date":"2025-05-23T07:18:19","date_gmt":"2025-05-23T07:18:19","guid":{"rendered":"https:\/\/alkotasokangitol.hu\/?post_type=product&#038;p=152"},"modified":"2025-05-23T07:18:27","modified_gmt":"2025-05-23T07:18:27","slug":"familia-kegyeleti-ekszer","status":"publish","type":"product","link":"https:\/\/alkotasokangitol.hu\/index.php\/termek\/familia-kegyeleti-ekszer\/","title":{"rendered":"Familia &#8211; kegyeleti \u00e9kszer"},"content":{"rendered":"<p>Elt\u00e1vozott szerett\u00fcnk hamvaib\u00f3l egy apr\u00f3 r\u00e9sze vel\u00fcnk marad \u00edzl\u00e9ses eleganci\u00e1val ilyen form\u00e1ban. A fot\u00f3kon l\u00e1that\u00f3, hogy a gy\u00f6ngy alapsz\u00edne is v\u00e1laszthat\u00f3. A gy\u00f6ngy kompatibilis Eur\u00f3pai st\u00edlus\u00fa \u00e9kszerekkel.<\/p>\n","protected":false},"excerpt":{"rendered":"<p>Elt\u00e1vozott szerett\u00fcnk hamvaib\u00f3l egy apr\u00f3 r\u00e9sze vel\u00fcnk marad \u00edzl\u00e9ses eleganci\u00e1val ilyen form\u00e1ban. A fot\u00f3kon l\u00e1that\u00f3, hogy a gy\u00f6ngy alapsz\u00edne is v\u00e1laszthat\u00f3. A gy\u00f6ngy kompatibilis Eur\u00f3pai st\u00edlus\u00fa \u00e9kszerekkel.<\/p>\n","protected":false},"featured_media":154,"template":"","meta":{"_et_pb_use_builder":"","_et_pb_old_content":"","_et_gb_content_width":""},"product_brand":[],"product_cat":[21],"product_tag":[],"class_list":{"0":"post-152","1":"product","2":"type-product","3":"status-publish","4":"has-post-thumbnail","6":"product_cat-kegyeleti-termekek","8":"first","9":"instock","10":"shipping-taxable","11":"purchasable","12":"product-type-simple"},"_links":{"self":[{"href":"https:\/\/alkotasokangitol.hu\/index.php\/wp-json\/wp\/v2\/product\/152","targetHints":{"allow":["GET"]}}],"collection":[{"href":"https:\/\/alkotasokangitol.hu\/index.php\/wp-json\/wp\/v2\/product"}],"about":[{"href":"https:\/\/alkotasokangitol.hu\/index.php\/wp-json\/wp\/v2\/types\/product"}],"wp:featuredmedia":[{"embeddable":true,"href":"https:\/\/alkotasokangitol.hu\/index.php\/wp-json\/wp\/v2\/media\/154"}],"wp:attachment":[{"href":"https:\/\/alkotasokangitol.hu\/index.php\/wp-json\/wp\/v2\/media?parent=152"}],"wp:term":[{"taxonomy":"product_brand","embeddable":true,"href":"https:\/\/alkotasokangitol.hu\/index.php\/wp-json\/wp\/v2\/product_brand?post=152"},{"taxonomy":"product_cat","embeddable":true,"href":"https:\/\/alkotasokangitol.hu\/index.php\/wp-json\/wp\/v2\/product_cat?post=152"},{"taxonomy":"product_tag","embeddable":true,"href":"https:\/\/alkotasokangitol.hu\/index.php\/wp-json\/wp\/v2\/product_tag?post=152"}],"curies":[{"name":"wp","href":"https:\/\/api.w.org\/{rel}","templated":true}]}}