{"id":221,"date":"2025-09-10T06:40:04","date_gmt":"2025-09-10T06:40:04","guid":{"rendered":"https:\/\/alkotasokangitol.hu\/?post_type=product&#038;p=221"},"modified":"2025-09-10T06:40:30","modified_gmt":"2025-09-10T06:40:30","slug":"mirella-hajjaj-diszitett-rozsdamentes-acel-karkoto","status":"publish","type":"product","link":"https:\/\/alkotasokangitol.hu\/index.php\/termek\/mirella-hajjaj-diszitett-rozsdamentes-acel-karkoto\/","title":{"rendered":"Mirella hajjal d\u00edsz\u00edtett rozsdamentes ac\u00e9l kark\u00f6t\u0151"},"content":{"rendered":"<p>A kark\u00f6t\u0151 m\u00e9retre \u00e1ll\u00edthat\u00f3. Med\u00e1l r\u00e9sze 2,5 cm. D\u00edsz\u00edthet\u0151 felirattal, csill\u00e1mmal, vir\u00e1ggal.<br \/>\nAzoknak aj\u00e1nlom, akik szeretik a szolid mint\u00e1kat, de nem f\u00e9lnek az \u00e9kszer felt\u0171n\u0151bb l\u00e1tv\u00e1ny\u00e1t megmutatni (m\u00e9ret\u00e9b\u0151l kifoly\u00f3lag). St\u00edlusos, viselhet\u0151 sportos \u00e9s eleg\u00e1ns \u00f6lt\u00f6z\u00e9khez. Ezt a mint\u00e1t 1, illetve 2 gyerk\u0151c tincs\u00e9b\u0151l tudom elk\u00e9sz\u00edteni. Fiatalos nagymam\u00e1knak sz\u00edvhez sz\u00f3l\u00f3 aj\u00e1nd\u00e9k v\u00e1laszt\u00e1s lehet.<\/p>\n","protected":false},"excerpt":{"rendered":"<p>A kark\u00f6t\u0151 m\u00e9retre \u00e1ll\u00edthat\u00f3. Med\u00e1l r\u00e9sze 2,5 cm. D\u00edsz\u00edthet\u0151 felirattal, csill\u00e1mmal, vir\u00e1ggal. Azoknak aj\u00e1nlom, akik szeretik a szolid mint\u00e1kat, de nem f\u00e9lnek az \u00e9kszer felt\u0171n\u0151bb l\u00e1tv\u00e1ny\u00e1t megmutatni (m\u00e9ret\u00e9b\u0151l kifoly\u00f3lag). St\u00edlusos, viselhet\u0151 sportos \u00e9s eleg\u00e1ns \u00f6lt\u00f6z\u00e9khez. Ezt a mint\u00e1t 1, illetve 2 gyerk\u0151c tincs\u00e9b\u0151l tudom elk\u00e9sz\u00edteni. Fiatalos nagymam\u00e1knak sz\u00edvhez sz\u00f3l\u00f3 aj\u00e1nd\u00e9k v\u00e1laszt\u00e1s lehet.<\/p>\n","protected":false},"featured_media":218,"template":"","meta":{"_et_pb_use_builder":"","_et_pb_old_content":"","_et_gb_content_width":""},"product_brand":[],"product_cat":[17],"product_tag":[],"class_list":{"0":"post-221","1":"product","2":"type-product","3":"status-publish","4":"has-post-thumbnail","6":"product_cat-hajjal-diszitett-anyatej-nelkul-ekszer","8":"first","9":"instock","10":"shipping-taxable","11":"purchasable","12":"product-type-simple"},"_links":{"self":[{"href":"https:\/\/alkotasokangitol.hu\/index.php\/wp-json\/wp\/v2\/product\/221","targetHints":{"allow":["GET"]}}],"collection":[{"href":"https:\/\/alkotasokangitol.hu\/index.php\/wp-json\/wp\/v2\/product"}],"about":[{"href":"https:\/\/alkotasokangitol.hu\/index.php\/wp-json\/wp\/v2\/types\/product"}],"wp:featuredmedia":[{"embeddable":true,"href":"https:\/\/alkotasokangitol.hu\/index.php\/wp-json\/wp\/v2\/media\/218"}],"wp:attachment":[{"href":"https:\/\/alkotasokangitol.hu\/index.php\/wp-json\/wp\/v2\/media?parent=221"}],"wp:term":[{"taxonomy":"product_brand","embeddable":true,"href":"https:\/\/alkotasokangitol.hu\/index.php\/wp-json\/wp\/v2\/product_brand?post=221"},{"taxonomy":"product_cat","embeddable":true,"href":"https:\/\/alkotasokangitol.hu\/index.php\/wp-json\/wp\/v2\/product_cat?post=221"},{"taxonomy":"product_tag","embeddable":true,"href":"https:\/\/alkotasokangitol.hu\/index.php\/wp-json\/wp\/v2\/product_tag?post=221"}],"curies":[{"name":"wp","href":"https:\/\/api.w.org\/{rel}","templated":true}]}}