{"id":223,"date":"2025-09-10T06:52:00","date_gmt":"2025-09-10T06:52:00","guid":{"rendered":"https:\/\/alkotasokangitol.hu\/?post_type=product&#038;p=223"},"modified":"2025-09-10T06:53:04","modified_gmt":"2025-09-10T06:53:04","slug":"amira-hajjal-diszitett-nyaklanc","status":"publish","type":"product","link":"https:\/\/alkotasokangitol.hu\/index.php\/termek\/amira-hajjal-diszitett-nyaklanc\/","title":{"rendered":"Amira hajjal d\u00edsz\u00edtett nyakl\u00e1nc"},"content":{"rendered":"<p>Ez a t\u00edpus vir\u00e1ggal d\u00edsz\u00edtett fa\u00e1gra eml\u00e9keztet\u0151 mint\u00e1t mutat, amelyet gyermeked, szeretted haj\u00e1b\u00f3l k\u00e9sz\u00edtek el, v\u00e1laszhat\u00f3 vir\u00e1g sz\u00ednnel, v\u00e1laszhat\u00f3 med\u00e1l m\u00e9rettel (lehet 2 cm vagy 2,5 cm), k\u00e9rheted felirattal vagy an\u00e9lk\u00fcl.<br \/>\nA sz\u00edn v\u00e1laszt\u00e1s\u00e1n\u00e1l seg\u00edts\u00e9g lehet gyermeked neme, vagy csillagjegy\u00e9nek meghat\u00e1roz\u00f3 sz\u00edne is.<br \/>\nEl\u0151szeretettel szokt\u00e1k aj\u00e1nd\u00e9kba v\u00e1lasztani nagymam\u00e1knak \u00fcnnepek alkalm\u00e1val.<\/p>\n","protected":false},"excerpt":{"rendered":"<p>Ez a t\u00edpus vir\u00e1ggal d\u00edsz\u00edtett fa\u00e1gra eml\u00e9keztet\u0151 mint\u00e1t mutat, amelyet gyermeked, szeretted haj\u00e1b\u00f3l k\u00e9sz\u00edtek el, v\u00e1laszhat\u00f3 vir\u00e1g sz\u00ednnel, v\u00e1laszhat\u00f3 med\u00e1l m\u00e9rettel (lehet 2 cm vagy 2,5 cm), k\u00e9rheted felirattal vagy an\u00e9lk\u00fcl. A sz\u00edn v\u00e1laszt\u00e1s\u00e1n\u00e1l seg\u00edts\u00e9g lehet gyermeked neme, vagy csillagjegy\u00e9nek meghat\u00e1roz\u00f3 sz\u00edne is. El\u0151szeretettel szokt\u00e1k aj\u00e1nd\u00e9kba v\u00e1lasztani nagymam\u00e1knak \u00fcnnepek alkalm\u00e1val.<\/p>\n","protected":false},"featured_media":211,"template":"","meta":{"_et_pb_use_builder":"","_et_pb_old_content":"","_et_gb_content_width":""},"product_brand":[],"product_cat":[17],"product_tag":[],"class_list":{"0":"post-223","1":"product","2":"type-product","3":"status-publish","4":"has-post-thumbnail","6":"product_cat-hajjal-diszitett-anyatej-nelkul-ekszer","8":"first","9":"instock","10":"shipping-taxable","11":"purchasable","12":"product-type-simple"},"_links":{"self":[{"href":"https:\/\/alkotasokangitol.hu\/index.php\/wp-json\/wp\/v2\/product\/223","targetHints":{"allow":["GET"]}}],"collection":[{"href":"https:\/\/alkotasokangitol.hu\/index.php\/wp-json\/wp\/v2\/product"}],"about":[{"href":"https:\/\/alkotasokangitol.hu\/index.php\/wp-json\/wp\/v2\/types\/product"}],"wp:featuredmedia":[{"embeddable":true,"href":"https:\/\/alkotasokangitol.hu\/index.php\/wp-json\/wp\/v2\/media\/211"}],"wp:attachment":[{"href":"https:\/\/alkotasokangitol.hu\/index.php\/wp-json\/wp\/v2\/media?parent=223"}],"wp:term":[{"taxonomy":"product_brand","embeddable":true,"href":"https:\/\/alkotasokangitol.hu\/index.php\/wp-json\/wp\/v2\/product_brand?post=223"},{"taxonomy":"product_cat","embeddable":true,"href":"https:\/\/alkotasokangitol.hu\/index.php\/wp-json\/wp\/v2\/product_cat?post=223"},{"taxonomy":"product_tag","embeddable":true,"href":"https:\/\/alkotasokangitol.hu\/index.php\/wp-json\/wp\/v2\/product_tag?post=223"}],"curies":[{"name":"wp","href":"https:\/\/api.w.org\/{rel}","templated":true}]}}