{"id":361,"date":"2025-11-19T20:42:03","date_gmt":"2025-11-19T20:42:03","guid":{"rendered":"https:\/\/alkotasokangitol.hu\/?post_type=product&#038;p=361"},"modified":"2025-11-19T20:44:40","modified_gmt":"2025-11-19T20:44:40","slug":"celina-rozsdamentes-acel-anyatejes-gyuru","status":"publish","type":"product","link":"https:\/\/alkotasokangitol.hu\/index.php\/termek\/celina-rozsdamentes-acel-anyatejes-gyuru\/","title":{"rendered":"Celina rozsdamentes ac\u00e9l anyatejes gy\u0171r\u0171"},"content":{"rendered":"<p>Ez a v\u00e1laszt\u00e1s azoknak ide\u00e1lis, akik a finomabb, m\u00e9gis egyedibb \u00e9kszereket kedvelik. Csup\u00e1n 10 ml anyatejb\u0151l k\u00e9sz\u00edtem el, a rozsdamentes ac\u00e9l gy\u0171r\u0171 pedig m\u00e9retre \u00e1ll\u00edthat\u00f3.<\/p>\n","protected":false},"excerpt":{"rendered":"<p>Ez a v\u00e1laszt\u00e1s azoknak ide\u00e1lis, akik a finomabb, m\u00e9gis egyedibb \u00e9kszereket kedvelik. Csup\u00e1n 10 ml anyatejb\u0151l k\u00e9sz\u00edtem el, a rozsdamentes ac\u00e9l gy\u0171r\u0171 pedig m\u00e9retre \u00e1ll\u00edthat\u00f3.<\/p>\n","protected":false},"featured_media":358,"template":"","meta":{"_et_pb_use_builder":"","_et_pb_old_content":"","_et_gb_content_width":""},"product_brand":[],"product_cat":[16],"product_tag":[],"class_list":{"0":"post-361","1":"product","2":"type-product","3":"status-publish","4":"has-post-thumbnail","6":"product_cat-anyatejes-ekszer","8":"first","9":"instock","10":"shipping-taxable","11":"purchasable","12":"product-type-simple"},"_links":{"self":[{"href":"https:\/\/alkotasokangitol.hu\/index.php\/wp-json\/wp\/v2\/product\/361","targetHints":{"allow":["GET"]}}],"collection":[{"href":"https:\/\/alkotasokangitol.hu\/index.php\/wp-json\/wp\/v2\/product"}],"about":[{"href":"https:\/\/alkotasokangitol.hu\/index.php\/wp-json\/wp\/v2\/types\/product"}],"wp:featuredmedia":[{"embeddable":true,"href":"https:\/\/alkotasokangitol.hu\/index.php\/wp-json\/wp\/v2\/media\/358"}],"wp:attachment":[{"href":"https:\/\/alkotasokangitol.hu\/index.php\/wp-json\/wp\/v2\/media?parent=361"}],"wp:term":[{"taxonomy":"product_brand","embeddable":true,"href":"https:\/\/alkotasokangitol.hu\/index.php\/wp-json\/wp\/v2\/product_brand?post=361"},{"taxonomy":"product_cat","embeddable":true,"href":"https:\/\/alkotasokangitol.hu\/index.php\/wp-json\/wp\/v2\/product_cat?post=361"},{"taxonomy":"product_tag","embeddable":true,"href":"https:\/\/alkotasokangitol.hu\/index.php\/wp-json\/wp\/v2\/product_tag?post=361"}],"curies":[{"name":"wp","href":"https:\/\/api.w.org\/{rel}","templated":true}]}}