{"id":61,"date":"2025-02-18T06:50:56","date_gmt":"2025-02-18T06:50:56","guid":{"rendered":"https:\/\/alkotasokangitol.hu\/?post_type=product&#038;p=61"},"modified":"2025-02-18T06:50:56","modified_gmt":"2025-02-18T06:50:56","slug":"edes-kisbabam-anyatejes-rozsdamentes-acel-charm","status":"publish","type":"product","link":"https:\/\/alkotasokangitol.hu\/index.php\/termek\/edes-kisbabam-anyatejes-rozsdamentes-acel-charm\/","title":{"rendered":"\u00c9des kisbab\u00e1m -anyatejes, rozsdamentes ac\u00e9l charm"},"content":{"rendered":"<p>Eur\u00f3pai st\u00edlus\u00fa \u00e9kszerrel kompatibilis, csup\u00e1n p\u00e1r csepp anyatej sz\u00fcks\u00e9ges hozz\u00e1. Az egyik legkifejez\u0151bb \u00e9kszernek tal\u00e1lom.<\/p>\n","protected":false},"excerpt":{"rendered":"<p>Eur\u00f3pai st\u00edlus\u00fa \u00e9kszerrel kompatibilis, csup\u00e1n p\u00e1r csepp anyatej sz\u00fcks\u00e9ges hozz\u00e1. Az egyik legkifejez\u0151bb \u00e9kszernek tal\u00e1lom.<\/p>\n","protected":false},"featured_media":63,"template":"","meta":{"_et_pb_use_builder":"","_et_pb_old_content":"","_et_gb_content_width":""},"product_brand":[],"product_cat":[16],"product_tag":[],"class_list":{"0":"post-61","1":"product","2":"type-product","3":"status-publish","4":"has-post-thumbnail","6":"product_cat-anyatejes-ekszer","8":"first","9":"instock","10":"shipping-taxable","11":"purchasable","12":"product-type-simple"},"_links":{"self":[{"href":"https:\/\/alkotasokangitol.hu\/index.php\/wp-json\/wp\/v2\/product\/61","targetHints":{"allow":["GET"]}}],"collection":[{"href":"https:\/\/alkotasokangitol.hu\/index.php\/wp-json\/wp\/v2\/product"}],"about":[{"href":"https:\/\/alkotasokangitol.hu\/index.php\/wp-json\/wp\/v2\/types\/product"}],"wp:featuredmedia":[{"embeddable":true,"href":"https:\/\/alkotasokangitol.hu\/index.php\/wp-json\/wp\/v2\/media\/63"}],"wp:attachment":[{"href":"https:\/\/alkotasokangitol.hu\/index.php\/wp-json\/wp\/v2\/media?parent=61"}],"wp:term":[{"taxonomy":"product_brand","embeddable":true,"href":"https:\/\/alkotasokangitol.hu\/index.php\/wp-json\/wp\/v2\/product_brand?post=61"},{"taxonomy":"product_cat","embeddable":true,"href":"https:\/\/alkotasokangitol.hu\/index.php\/wp-json\/wp\/v2\/product_cat?post=61"},{"taxonomy":"product_tag","embeddable":true,"href":"https:\/\/alkotasokangitol.hu\/index.php\/wp-json\/wp\/v2\/product_tag?post=61"}],"curies":[{"name":"wp","href":"https:\/\/api.w.org\/{rel}","templated":true}]}}