{"id":71,"date":"2025-02-18T06:57:37","date_gmt":"2025-02-18T06:57:37","guid":{"rendered":"https:\/\/alkotasokangitol.hu\/?post_type=product&#038;p=71"},"modified":"2025-02-18T06:57:37","modified_gmt":"2025-02-18T06:57:37","slug":"elena-anyatejes-rozsdamentes-acel-gyuru","status":"publish","type":"product","link":"https:\/\/alkotasokangitol.hu\/index.php\/termek\/elena-anyatejes-rozsdamentes-acel-gyuru\/","title":{"rendered":"Elena &#8211; anyatejes rozsdamentes ac\u00e9l gy\u0171r\u0171"},"content":{"rendered":"<p>Ez egy eleg\u00e1ns darab, egyszer\u0171s\u00e9ge teszi kifinomultan \u00edzl\u00e9sess\u00e9. K\u00e9rhet\u0151 sima ac\u00e9l sz\u00ednben (ez\u00fcst sz\u00edn), arany \u00e9s roz\u00e9 arany sz\u00ednbevonattal.<\/p>\n","protected":false},"excerpt":{"rendered":"<p>Ez egy eleg\u00e1ns darab, egyszer\u0171s\u00e9ge teszi kifinomultan \u00edzl\u00e9sess\u00e9. K\u00e9rhet\u0151 sima ac\u00e9l sz\u00ednben (ez\u00fcst sz\u00edn), arany \u00e9s roz\u00e9 arany sz\u00ednbevonattal.<\/p>\n","protected":false},"featured_media":72,"template":"","meta":{"_et_pb_use_builder":"","_et_pb_old_content":"","_et_gb_content_width":""},"product_brand":[],"product_cat":[16],"product_tag":[],"class_list":{"0":"post-71","1":"product","2":"type-product","3":"status-publish","4":"has-post-thumbnail","6":"product_cat-anyatejes-ekszer","8":"first","9":"instock","10":"shipping-taxable","11":"purchasable","12":"product-type-simple"},"_links":{"self":[{"href":"https:\/\/alkotasokangitol.hu\/index.php\/wp-json\/wp\/v2\/product\/71","targetHints":{"allow":["GET"]}}],"collection":[{"href":"https:\/\/alkotasokangitol.hu\/index.php\/wp-json\/wp\/v2\/product"}],"about":[{"href":"https:\/\/alkotasokangitol.hu\/index.php\/wp-json\/wp\/v2\/types\/product"}],"wp:featuredmedia":[{"embeddable":true,"href":"https:\/\/alkotasokangitol.hu\/index.php\/wp-json\/wp\/v2\/media\/72"}],"wp:attachment":[{"href":"https:\/\/alkotasokangitol.hu\/index.php\/wp-json\/wp\/v2\/media?parent=71"}],"wp:term":[{"taxonomy":"product_brand","embeddable":true,"href":"https:\/\/alkotasokangitol.hu\/index.php\/wp-json\/wp\/v2\/product_brand?post=71"},{"taxonomy":"product_cat","embeddable":true,"href":"https:\/\/alkotasokangitol.hu\/index.php\/wp-json\/wp\/v2\/product_cat?post=71"},{"taxonomy":"product_tag","embeddable":true,"href":"https:\/\/alkotasokangitol.hu\/index.php\/wp-json\/wp\/v2\/product_tag?post=71"}],"curies":[{"name":"wp","href":"https:\/\/api.w.org\/{rel}","templated":true}]}}