{"id":73,"date":"2025-02-18T06:59:23","date_gmt":"2025-02-18T06:59:23","guid":{"rendered":"https:\/\/alkotasokangitol.hu\/?post_type=product&#038;p=73"},"modified":"2025-05-23T07:26:17","modified_gmt":"2025-05-23T07:26:17","slug":"testver-szivek-anyatejes-charm","status":"publish","type":"product","link":"https:\/\/alkotasokangitol.hu\/index.php\/termek\/testver-szivek-anyatejes-charm\/","title":{"rendered":"Testv\u00e9r sz\u00edvek &#8211; anyatejes charm"},"content":{"rendered":"<p>Ez az \u00e9kszer testv\u00e9rek tincs\u00e9vel \u00f6sszefon\u00f3dott sz\u00edveket \u00e1br\u00e1zol. Neveik is szerepelhetnek a megfelel\u0151 oldalon. Az \u00e9kszert tejmentes v\u00e1ltozatban is elk\u00e9sz\u00edthetem!<\/p>\n","protected":false},"excerpt":{"rendered":"<p>Ez az \u00e9kszer testv\u00e9rek tincs\u00e9vel \u00f6sszefon\u00f3dott sz\u00edveket \u00e1br\u00e1zol. Neveik is szerepelhetnek a megfelel\u0151 oldalon. Az \u00e9kszert tejmentes v\u00e1ltozatban is elk\u00e9sz\u00edthetem!<\/p>\n","protected":false},"featured_media":76,"template":"","meta":{"_et_pb_use_builder":"","_et_pb_old_content":"","_et_gb_content_width":""},"product_brand":[],"product_cat":[16,22],"product_tag":[],"class_list":{"0":"post-73","1":"product","2":"type-product","3":"status-publish","4":"has-post-thumbnail","6":"product_cat-anyatejes-ekszer","7":"product_cat-hajjal-rajzolt-termekek","9":"first","10":"instock","11":"shipping-taxable","12":"purchasable","13":"product-type-simple"},"_links":{"self":[{"href":"https:\/\/alkotasokangitol.hu\/index.php\/wp-json\/wp\/v2\/product\/73","targetHints":{"allow":["GET"]}}],"collection":[{"href":"https:\/\/alkotasokangitol.hu\/index.php\/wp-json\/wp\/v2\/product"}],"about":[{"href":"https:\/\/alkotasokangitol.hu\/index.php\/wp-json\/wp\/v2\/types\/product"}],"wp:featuredmedia":[{"embeddable":true,"href":"https:\/\/alkotasokangitol.hu\/index.php\/wp-json\/wp\/v2\/media\/76"}],"wp:attachment":[{"href":"https:\/\/alkotasokangitol.hu\/index.php\/wp-json\/wp\/v2\/media?parent=73"}],"wp:term":[{"taxonomy":"product_brand","embeddable":true,"href":"https:\/\/alkotasokangitol.hu\/index.php\/wp-json\/wp\/v2\/product_brand?post=73"},{"taxonomy":"product_cat","embeddable":true,"href":"https:\/\/alkotasokangitol.hu\/index.php\/wp-json\/wp\/v2\/product_cat?post=73"},{"taxonomy":"product_tag","embeddable":true,"href":"https:\/\/alkotasokangitol.hu\/index.php\/wp-json\/wp\/v2\/product_tag?post=73"}],"curies":[{"name":"wp","href":"https:\/\/api.w.org\/{rel}","templated":true}]}}