{"id":78,"date":"2025-02-18T07:01:03","date_gmt":"2025-02-18T07:01:03","guid":{"rendered":"https:\/\/alkotasokangitol.hu\/?post_type=product&#038;p=78"},"modified":"2025-02-18T07:01:03","modified_gmt":"2025-02-18T07:01:03","slug":"viola-eletfa-motivum-hajbol-anyatejes-nyaklanc","status":"publish","type":"product","link":"https:\/\/alkotasokangitol.hu\/index.php\/termek\/viola-eletfa-motivum-hajbol-anyatejes-nyaklanc\/","title":{"rendered":"Viola &#8211; \u00e9letfa mot\u00edvum hajb\u00f3l &#8211; anyatejes nyakl\u00e1nc"},"content":{"rendered":"<p>Rozsdamentes ac\u00e9l, 15 mm-es ac\u00e9l alappal k\u00e9sz\u00edtett \u00e9kszer. Ig\u00e9ny szerint t\u00f6bb tinccsel, ak\u00e1r d\u00edsz\u00edt\u00e9ssel is k\u00e9rhet\u0151. Rozsdamentes ac\u00e9l nyakl\u00e1ncot tartalmaz az \u00e1r.<\/p>\n","protected":false},"excerpt":{"rendered":"<p>Rozsdamentes ac\u00e9l, 15 mm-es ac\u00e9l alappal k\u00e9sz\u00edtett \u00e9kszer. Ig\u00e9ny szerint t\u00f6bb tinccsel, ak\u00e1r d\u00edsz\u00edt\u00e9ssel is k\u00e9rhet\u0151. Rozsdamentes ac\u00e9l nyakl\u00e1ncot tartalmaz az \u00e1r.<\/p>\n","protected":false},"featured_media":79,"template":"","meta":{"_et_pb_use_builder":"","_et_pb_old_content":"","_et_gb_content_width":""},"product_brand":[],"product_cat":[16],"product_tag":[],"class_list":{"0":"post-78","1":"product","2":"type-product","3":"status-publish","4":"has-post-thumbnail","6":"product_cat-anyatejes-ekszer","8":"first","9":"instock","10":"shipping-taxable","11":"purchasable","12":"product-type-simple"},"_links":{"self":[{"href":"https:\/\/alkotasokangitol.hu\/index.php\/wp-json\/wp\/v2\/product\/78","targetHints":{"allow":["GET"]}}],"collection":[{"href":"https:\/\/alkotasokangitol.hu\/index.php\/wp-json\/wp\/v2\/product"}],"about":[{"href":"https:\/\/alkotasokangitol.hu\/index.php\/wp-json\/wp\/v2\/types\/product"}],"wp:featuredmedia":[{"embeddable":true,"href":"https:\/\/alkotasokangitol.hu\/index.php\/wp-json\/wp\/v2\/media\/79"}],"wp:attachment":[{"href":"https:\/\/alkotasokangitol.hu\/index.php\/wp-json\/wp\/v2\/media?parent=78"}],"wp:term":[{"taxonomy":"product_brand","embeddable":true,"href":"https:\/\/alkotasokangitol.hu\/index.php\/wp-json\/wp\/v2\/product_brand?post=78"},{"taxonomy":"product_cat","embeddable":true,"href":"https:\/\/alkotasokangitol.hu\/index.php\/wp-json\/wp\/v2\/product_cat?post=78"},{"taxonomy":"product_tag","embeddable":true,"href":"https:\/\/alkotasokangitol.hu\/index.php\/wp-json\/wp\/v2\/product_tag?post=78"}],"curies":[{"name":"wp","href":"https:\/\/api.w.org\/{rel}","templated":true}]}}