{"id":81,"date":"2025-02-18T07:01:58","date_gmt":"2025-02-18T07:01:58","guid":{"rendered":"https:\/\/alkotasokangitol.hu\/?post_type=product&#038;p=81"},"modified":"2025-05-23T07:27:13","modified_gmt":"2025-05-23T07:27:13","slug":"brigitta-anyatejes-charm-hajbol-vegtelen-mintaval","status":"publish","type":"product","link":"https:\/\/alkotasokangitol.hu\/index.php\/termek\/brigitta-anyatejes-charm-hajbol-vegtelen-mintaval\/","title":{"rendered":"Brigitta &#8211; anyatejes charm hajb\u00f3l v\u00e9gtelen mint\u00e1val"},"content":{"rendered":"<p>20 ml anyatej \u00e9s egy gyufasz\u00e1l mennyis\u00e9g\u0171 tincs elegend\u0151 egy ilyen csod\u00e1s kis \u00e9kszer elk\u00e9sz\u00edt\u00e9s\u00e9hez. A gy\u00f6ngy f\u00e9m r\u00e9sze rozsdamentes ac\u00e9l, amely ig\u00e9ny eset\u00e9n lehet ac\u00e9l ez\u00fcst sz\u00edn\u0171, roz\u00e9 vagy arany sz\u00ednbevonatos. K\u00fcl\u00f6n egyeztetve k\u00e9rhet\u0151 nemesf\u00e9m bet\u00e9ttel is (ez\u00fcsttel \u00e9s arannyal is).<\/p>\n","protected":false},"excerpt":{"rendered":"<p>20 ml anyatej \u00e9s egy gyufasz\u00e1l mennyis\u00e9g\u0171 tincs elegend\u0151 egy ilyen csod\u00e1s kis \u00e9kszer elk\u00e9sz\u00edt\u00e9s\u00e9hez. A gy\u00f6ngy f\u00e9m r\u00e9sze rozsdamentes ac\u00e9l, amely ig\u00e9ny eset\u00e9n lehet ac\u00e9l ez\u00fcst sz\u00edn\u0171, roz\u00e9 vagy arany sz\u00ednbevonatos. K\u00fcl\u00f6n egyeztetve k\u00e9rhet\u0151 nemesf\u00e9m bet\u00e9ttel is (ez\u00fcsttel \u00e9s arannyal is).<\/p>\n","protected":false},"featured_media":82,"template":"","meta":{"_et_pb_use_builder":"","_et_pb_old_content":"","_et_gb_content_width":""},"product_brand":[],"product_cat":[16,22],"product_tag":[],"class_list":{"0":"post-81","1":"product","2":"type-product","3":"status-publish","4":"has-post-thumbnail","6":"product_cat-anyatejes-ekszer","7":"product_cat-hajjal-rajzolt-termekek","9":"first","10":"instock","11":"shipping-taxable","12":"purchasable","13":"product-type-simple"},"_links":{"self":[{"href":"https:\/\/alkotasokangitol.hu\/index.php\/wp-json\/wp\/v2\/product\/81","targetHints":{"allow":["GET"]}}],"collection":[{"href":"https:\/\/alkotasokangitol.hu\/index.php\/wp-json\/wp\/v2\/product"}],"about":[{"href":"https:\/\/alkotasokangitol.hu\/index.php\/wp-json\/wp\/v2\/types\/product"}],"wp:featuredmedia":[{"embeddable":true,"href":"https:\/\/alkotasokangitol.hu\/index.php\/wp-json\/wp\/v2\/media\/82"}],"wp:attachment":[{"href":"https:\/\/alkotasokangitol.hu\/index.php\/wp-json\/wp\/v2\/media?parent=81"}],"wp:term":[{"taxonomy":"product_brand","embeddable":true,"href":"https:\/\/alkotasokangitol.hu\/index.php\/wp-json\/wp\/v2\/product_brand?post=81"},{"taxonomy":"product_cat","embeddable":true,"href":"https:\/\/alkotasokangitol.hu\/index.php\/wp-json\/wp\/v2\/product_cat?post=81"},{"taxonomy":"product_tag","embeddable":true,"href":"https:\/\/alkotasokangitol.hu\/index.php\/wp-json\/wp\/v2\/product_tag?post=81"}],"curies":[{"name":"wp","href":"https:\/\/api.w.org\/{rel}","templated":true}]}}