{"id":83,"date":"2025-02-18T07:03:23","date_gmt":"2025-02-18T07:03:23","guid":{"rendered":"https:\/\/alkotasokangitol.hu\/?post_type=product&#038;p=83"},"modified":"2025-05-23T07:25:19","modified_gmt":"2025-05-23T07:25:19","slug":"karolina-anyatejes-nyaklanc","status":"publish","type":"product","link":"https:\/\/alkotasokangitol.hu\/index.php\/termek\/karolina-anyatejes-nyaklanc\/","title":{"rendered":"Karolina anyatejes nyakl\u00e1nc"},"content":{"rendered":"<p>K\u00e9rhet\u0151 t\u00f6bb gyermek tincs\u00e9vel, d\u00edsz\u00edthet\u0151 csill\u00e1mmal, f\u00fcstf\u00f3li\u00e1val, sz\u00e1r\u00edtott apr\u00f3 vir\u00e1ggal \u00e9s egy\u00e9bbel. Az alap rozsdamentes ac\u00e9l, k\u00e9rhet\u0151 sima ez\u00fcst sz\u00ednben, illetve roz\u00e9 \u00e9s arany sz\u00ednbevonattal.<\/p>\n","protected":false},"excerpt":{"rendered":"<p>K\u00e9rhet\u0151 t\u00f6bb gyermek tincs\u00e9vel, d\u00edsz\u00edthet\u0151 csill\u00e1mmal, f\u00fcstf\u00f3li\u00e1val, sz\u00e1r\u00edtott apr\u00f3 vir\u00e1ggal \u00e9s egy\u00e9bbel. Az alap rozsdamentes ac\u00e9l, k\u00e9rhet\u0151 sima ez\u00fcst sz\u00ednben, illetve roz\u00e9 \u00e9s arany sz\u00ednbevonattal.<\/p>\n","protected":false},"featured_media":84,"template":"","meta":{"_et_pb_use_builder":"","_et_pb_old_content":"","_et_gb_content_width":""},"product_brand":[],"product_cat":[16,22],"product_tag":[],"class_list":{"0":"post-83","1":"product","2":"type-product","3":"status-publish","4":"has-post-thumbnail","6":"product_cat-anyatejes-ekszer","7":"product_cat-hajjal-rajzolt-termekek","9":"first","10":"instock","11":"shipping-taxable","12":"purchasable","13":"product-type-simple"},"_links":{"self":[{"href":"https:\/\/alkotasokangitol.hu\/index.php\/wp-json\/wp\/v2\/product\/83","targetHints":{"allow":["GET"]}}],"collection":[{"href":"https:\/\/alkotasokangitol.hu\/index.php\/wp-json\/wp\/v2\/product"}],"about":[{"href":"https:\/\/alkotasokangitol.hu\/index.php\/wp-json\/wp\/v2\/types\/product"}],"wp:featuredmedia":[{"embeddable":true,"href":"https:\/\/alkotasokangitol.hu\/index.php\/wp-json\/wp\/v2\/media\/84"}],"wp:attachment":[{"href":"https:\/\/alkotasokangitol.hu\/index.php\/wp-json\/wp\/v2\/media?parent=83"}],"wp:term":[{"taxonomy":"product_brand","embeddable":true,"href":"https:\/\/alkotasokangitol.hu\/index.php\/wp-json\/wp\/v2\/product_brand?post=83"},{"taxonomy":"product_cat","embeddable":true,"href":"https:\/\/alkotasokangitol.hu\/index.php\/wp-json\/wp\/v2\/product_cat?post=83"},{"taxonomy":"product_tag","embeddable":true,"href":"https:\/\/alkotasokangitol.hu\/index.php\/wp-json\/wp\/v2\/product_tag?post=83"}],"curies":[{"name":"wp","href":"https:\/\/api.w.org\/{rel}","templated":true}]}}