{"id":86,"date":"2025-02-18T09:08:16","date_gmt":"2025-02-18T09:08:16","guid":{"rendered":"https:\/\/alkotasokangitol.hu\/?post_type=product&#038;p=86"},"modified":"2025-05-23T07:20:40","modified_gmt":"2025-05-23T07:20:40","slug":"kereszt-anyatejes-nyaklanc","status":"publish","type":"product","link":"https:\/\/alkotasokangitol.hu\/index.php\/termek\/kereszt-anyatejes-nyaklanc\/","title":{"rendered":"Kereszt anyatejes nyakl\u00e1nc"},"content":{"rendered":"<p>Ez a nyakl\u00e1nc f\u00e9rfiak sz\u00e1m\u00e1ra ide\u00e1lis, ha anyatejb\u0151l med\u00e1lt keres\u00fcnk apuka r\u00e9sz\u00e9re.<\/p>\n","protected":false},"excerpt":{"rendered":"<p>Ez a nyakl\u00e1nc f\u00e9rfiak sz\u00e1m\u00e1ra ide\u00e1lis, ha anyatejb\u0151l med\u00e1lt keres\u00fcnk apuka r\u00e9sz\u00e9re.<\/p>\n","protected":false},"featured_media":87,"template":"","meta":{"_et_pb_use_builder":"","_et_pb_old_content":"","_et_gb_content_width":""},"product_brand":[],"product_cat":[16,20],"product_tag":[],"class_list":{"0":"post-86","1":"product","2":"type-product","3":"status-publish","4":"has-post-thumbnail","6":"product_cat-anyatejes-ekszer","7":"product_cat-apaknak","9":"first","10":"instock","11":"shipping-taxable","12":"purchasable","13":"product-type-simple"},"_links":{"self":[{"href":"https:\/\/alkotasokangitol.hu\/index.php\/wp-json\/wp\/v2\/product\/86","targetHints":{"allow":["GET"]}}],"collection":[{"href":"https:\/\/alkotasokangitol.hu\/index.php\/wp-json\/wp\/v2\/product"}],"about":[{"href":"https:\/\/alkotasokangitol.hu\/index.php\/wp-json\/wp\/v2\/types\/product"}],"wp:featuredmedia":[{"embeddable":true,"href":"https:\/\/alkotasokangitol.hu\/index.php\/wp-json\/wp\/v2\/media\/87"}],"wp:attachment":[{"href":"https:\/\/alkotasokangitol.hu\/index.php\/wp-json\/wp\/v2\/media?parent=86"}],"wp:term":[{"taxonomy":"product_brand","embeddable":true,"href":"https:\/\/alkotasokangitol.hu\/index.php\/wp-json\/wp\/v2\/product_brand?post=86"},{"taxonomy":"product_cat","embeddable":true,"href":"https:\/\/alkotasokangitol.hu\/index.php\/wp-json\/wp\/v2\/product_cat?post=86"},{"taxonomy":"product_tag","embeddable":true,"href":"https:\/\/alkotasokangitol.hu\/index.php\/wp-json\/wp\/v2\/product_tag?post=86"}],"curies":[{"name":"wp","href":"https:\/\/api.w.org\/{rel}","templated":true}]}}