{"id":92,"date":"2025-02-18T09:12:42","date_gmt":"2025-02-18T09:12:42","guid":{"rendered":"https:\/\/alkotasokangitol.hu\/?post_type=product&#038;p=92"},"modified":"2025-05-23T07:22:33","modified_gmt":"2025-05-23T07:22:33","slug":"panni-anyatejes-nyaklanc","status":"publish","type":"product","link":"https:\/\/alkotasokangitol.hu\/index.php\/termek\/panni-anyatejes-nyaklanc\/","title":{"rendered":"Panni anyatejes nyakl\u00e1nc"},"content":{"rendered":"<p>Ez a 12 mm-es sz\u00edv alak\u00fa med\u00e1l igen l\u00e9gies darab. Ak\u00e1r 4 db b\u00f3bita maggal is k\u00e9rhet\u0151, \u00edgy t\u00f6bb gyermek is megjelenhet az \u00e9kszereden \ud83d\ude42 Mind\u00f6ssze 10 ml anyatej elegend\u0151 az elk\u00e9sz\u00edt\u00e9s\u00e9hez.<\/p>\n","protected":false},"excerpt":{"rendered":"<p>Ez a 12 mm-es sz\u00edv alak\u00fa med\u00e1l igen l\u00e9gies darab. Ak\u00e1r 4 db b\u00f3bita maggal is k\u00e9rhet\u0151, \u00edgy t\u00f6bb gyermek is megjelenhet az \u00e9kszereden \ud83d\ude42 Mind\u00f6ssze 10 ml anyatej elegend\u0151 az elk\u00e9sz\u00edt\u00e9s\u00e9hez.<\/p>\n","protected":false},"featured_media":93,"template":"","meta":{"_et_pb_use_builder":"","_et_pb_old_content":"","_et_gb_content_width":""},"product_brand":[],"product_cat":[16,22],"product_tag":[],"class_list":{"0":"post-92","1":"product","2":"type-product","3":"status-publish","4":"has-post-thumbnail","6":"product_cat-anyatejes-ekszer","7":"product_cat-hajjal-rajzolt-termekek","9":"first","10":"instock","11":"shipping-taxable","12":"purchasable","13":"product-type-simple"},"_links":{"self":[{"href":"https:\/\/alkotasokangitol.hu\/index.php\/wp-json\/wp\/v2\/product\/92","targetHints":{"allow":["GET"]}}],"collection":[{"href":"https:\/\/alkotasokangitol.hu\/index.php\/wp-json\/wp\/v2\/product"}],"about":[{"href":"https:\/\/alkotasokangitol.hu\/index.php\/wp-json\/wp\/v2\/types\/product"}],"wp:featuredmedia":[{"embeddable":true,"href":"https:\/\/alkotasokangitol.hu\/index.php\/wp-json\/wp\/v2\/media\/93"}],"wp:attachment":[{"href":"https:\/\/alkotasokangitol.hu\/index.php\/wp-json\/wp\/v2\/media?parent=92"}],"wp:term":[{"taxonomy":"product_brand","embeddable":true,"href":"https:\/\/alkotasokangitol.hu\/index.php\/wp-json\/wp\/v2\/product_brand?post=92"},{"taxonomy":"product_cat","embeddable":true,"href":"https:\/\/alkotasokangitol.hu\/index.php\/wp-json\/wp\/v2\/product_cat?post=92"},{"taxonomy":"product_tag","embeddable":true,"href":"https:\/\/alkotasokangitol.hu\/index.php\/wp-json\/wp\/v2\/product_tag?post=92"}],"curies":[{"name":"wp","href":"https:\/\/api.w.org\/{rel}","templated":true}]}}