{"id":94,"date":"2025-02-18T09:13:33","date_gmt":"2025-02-18T09:13:33","guid":{"rendered":"https:\/\/alkotasokangitol.hu\/?post_type=product&#038;p=94"},"modified":"2025-02-18T09:13:33","modified_gmt":"2025-02-18T09:13:33","slug":"anna-anyatejes-nyaklanc","status":"publish","type":"product","link":"https:\/\/alkotasokangitol.hu\/index.php\/termek\/anna-anyatejes-nyaklanc\/","title":{"rendered":"Anna anyatejes nyakl\u00e1nc"},"content":{"rendered":"<p>Azoknak aj\u00e1nlom, akik a szoptat\u00e1s siker\u00e9t, k\u00fczdelm\u00e9t vagy annak lez\u00e1r\u00e1s\u00e1t szeretn\u00e9k k\u00e9zzel foghat\u00f3 eml\u00e9kk\u00e9nt meg\u0151rizni egy eleg\u00e1ns, letisztult \u00e9kszer form\u00e1j\u00e1ban. A rozsdamentes ac\u00e9l alap 2 cm, az ac\u00e9l nyakl\u00e1nc hossza 43 cm.<\/p>\n","protected":false},"excerpt":{"rendered":"<p>Azoknak aj\u00e1nlom, akik a szoptat\u00e1s siker\u00e9t, k\u00fczdelm\u00e9t vagy annak lez\u00e1r\u00e1s\u00e1t szeretn\u00e9k k\u00e9zzel foghat\u00f3 eml\u00e9kk\u00e9nt meg\u0151rizni egy eleg\u00e1ns, letisztult \u00e9kszer form\u00e1j\u00e1ban. A rozsdamentes ac\u00e9l alap 2 cm, az ac\u00e9l nyakl\u00e1nc hossza 43 cm.<\/p>\n","protected":false},"featured_media":95,"template":"","meta":{"_et_pb_use_builder":"","_et_pb_old_content":"","_et_gb_content_width":""},"product_brand":[],"product_cat":[16],"product_tag":[],"class_list":{"0":"post-94","1":"product","2":"type-product","3":"status-publish","4":"has-post-thumbnail","6":"product_cat-anyatejes-ekszer","8":"first","9":"instock","10":"shipping-taxable","11":"purchasable","12":"product-type-simple"},"_links":{"self":[{"href":"https:\/\/alkotasokangitol.hu\/index.php\/wp-json\/wp\/v2\/product\/94","targetHints":{"allow":["GET"]}}],"collection":[{"href":"https:\/\/alkotasokangitol.hu\/index.php\/wp-json\/wp\/v2\/product"}],"about":[{"href":"https:\/\/alkotasokangitol.hu\/index.php\/wp-json\/wp\/v2\/types\/product"}],"wp:featuredmedia":[{"embeddable":true,"href":"https:\/\/alkotasokangitol.hu\/index.php\/wp-json\/wp\/v2\/media\/95"}],"wp:attachment":[{"href":"https:\/\/alkotasokangitol.hu\/index.php\/wp-json\/wp\/v2\/media?parent=94"}],"wp:term":[{"taxonomy":"product_brand","embeddable":true,"href":"https:\/\/alkotasokangitol.hu\/index.php\/wp-json\/wp\/v2\/product_brand?post=94"},{"taxonomy":"product_cat","embeddable":true,"href":"https:\/\/alkotasokangitol.hu\/index.php\/wp-json\/wp\/v2\/product_cat?post=94"},{"taxonomy":"product_tag","embeddable":true,"href":"https:\/\/alkotasokangitol.hu\/index.php\/wp-json\/wp\/v2\/product_tag?post=94"}],"curies":[{"name":"wp","href":"https:\/\/api.w.org\/{rel}","templated":true}]}}