{"id":99,"date":"2025-02-18T09:15:37","date_gmt":"2025-02-18T09:15:37","guid":{"rendered":"https:\/\/alkotasokangitol.hu\/?post_type=product&#038;p=99"},"modified":"2025-02-18T09:15:37","modified_gmt":"2025-02-18T09:15:37","slug":"krisztina-anyatejes-bedugos-fulbevalo","status":"publish","type":"product","link":"https:\/\/alkotasokangitol.hu\/index.php\/termek\/krisztina-anyatejes-bedugos-fulbevalo\/","title":{"rendered":"Krisztina anyatejes, bedug\u00f3s f\u00fclbeval\u00f3"},"content":{"rendered":"<p>Letisztult, szolid darab kedvel\u0151knek aj\u00e1nlom. 8 mm az anyatejes fel\u00fclet. 10 ml anyatejb\u0151l k\u00e9sz\u00edtem.<\/p>\n","protected":false},"excerpt":{"rendered":"<p>Letisztult, szolid darab kedvel\u0151knek aj\u00e1nlom. 8 mm az anyatejes fel\u00fclet. 10 ml anyatejb\u0151l k\u00e9sz\u00edtem.<\/p>\n","protected":false},"featured_media":100,"template":"","meta":{"_et_pb_use_builder":"","_et_pb_old_content":"","_et_gb_content_width":""},"product_brand":[],"product_cat":[16],"product_tag":[],"class_list":{"0":"post-99","1":"product","2":"type-product","3":"status-publish","4":"has-post-thumbnail","6":"product_cat-anyatejes-ekszer","8":"first","9":"instock","10":"shipping-taxable","11":"purchasable","12":"product-type-simple"},"_links":{"self":[{"href":"https:\/\/alkotasokangitol.hu\/index.php\/wp-json\/wp\/v2\/product\/99","targetHints":{"allow":["GET"]}}],"collection":[{"href":"https:\/\/alkotasokangitol.hu\/index.php\/wp-json\/wp\/v2\/product"}],"about":[{"href":"https:\/\/alkotasokangitol.hu\/index.php\/wp-json\/wp\/v2\/types\/product"}],"wp:featuredmedia":[{"embeddable":true,"href":"https:\/\/alkotasokangitol.hu\/index.php\/wp-json\/wp\/v2\/media\/100"}],"wp:attachment":[{"href":"https:\/\/alkotasokangitol.hu\/index.php\/wp-json\/wp\/v2\/media?parent=99"}],"wp:term":[{"taxonomy":"product_brand","embeddable":true,"href":"https:\/\/alkotasokangitol.hu\/index.php\/wp-json\/wp\/v2\/product_brand?post=99"},{"taxonomy":"product_cat","embeddable":true,"href":"https:\/\/alkotasokangitol.hu\/index.php\/wp-json\/wp\/v2\/product_cat?post=99"},{"taxonomy":"product_tag","embeddable":true,"href":"https:\/\/alkotasokangitol.hu\/index.php\/wp-json\/wp\/v2\/product_tag?post=99"}],"curies":[{"name":"wp","href":"https:\/\/api.w.org\/{rel}","templated":true}]}}